{"id":511,"date":"2017-10-21T16:30:44","date_gmt":"2017-10-21T16:30:44","guid":{"rendered":"https:\/\/africadeserttravel.com\/?page_id=511"},"modified":"2017-10-27T12:14:03","modified_gmt":"2017-10-27T12:14:03","slug":"9-jours-casablanca-rabat-fes-marrakech","status":"publish","type":"page","link":"http:\/\/menaramoroccotours.com\/fr\/9-jours-casablanca-rabat-fes-marrakech\/","title":{"rendered":"9 Jours Casablanca Rabat F\u00e8s Marrakech"},"content":{"rendered":"<h4><span style=\"color: #ff6600;\"><strong>Jour 1 : Casablanca<\/strong><\/span><\/h4>\n<p>Arriver dans l\u2019a\u00e9roport de Casablanca. Votre guide local vous rencontrera puis vous escortera \u00e0 votre h\u00f4tel (selon l\u2019heure d\u2019arriv\u00e9e).&nbsp;D\u00eener et nuit \u00e0 l\u2019h\u00f4tel.<\/p>\n<h4><span style=\"color: #ff6600;\"><strong>Jour 2 :&nbsp;Casablanca, Rabat<\/strong><\/span><\/h4>\n<p>Aujourd\u2019hui apr\u00e8s le petit d\u00e9jeuner \u00e0 l\u2019h\u00f4tel, vous aurez une courte visite de la ville de Casablanca, la plus grande ville du Maroc; elle est le coeur de commerce et d\u2019Industrie, vous visiterez la Mosqu\u00e9e Hassan II construite sur l\u2019eau aux c\u00f4t\u00e9s de l\u2019oc\u00e9an Atlantique. Plus tard, vous partirez \u00e0 Rabat. Arr\u00eater pour d\u00e9jeuner puis d\u2019avoir une visite guid\u00e9e de la capitale administrative du Maroc. Vous visiterez le Palais Royal, le Mausol\u00e9e Mohamed V et la Tour Hassan, le minaret de la mosqu\u00e9e incompl\u00e8te initi\u00e9 par la&nbsp;&nbsp;r\u00e9glette almohade,&nbsp;Yaacoub&nbsp;al-Mansour. Vous pouvez \u00e9galement visiter la Kasbah des&nbsp;Oudaias, maisons blanches avec peinte en bleu parapets situ\u00e9es pr\u00e8s de la c\u00f4te de l\u2019Atlantique. D\u00eener et nuit \u00e0 l\u2019h\u00f4tel.<\/p>\n<h4><span style=\"color: #ff6600;\"><strong>Jour 3 :&nbsp;Rabat Mekn\u00e9s&nbsp; Fes<\/strong><\/span><\/h4>\n<p>Aujourd\u2019hui apr\u00e8s le petit d\u00e9jeuner \u00e0 l\u2019h\u00f4tel, vous vous rendrez \u00e0 M\u00e8kn\u00e8s, dans la ville voisine de Fes. Meknes est la troisi\u00e8me ville imp\u00e9riale du Maroc avec sa c\u00e9l\u00e8bre porte, c\u2019est connu comme \u201d le Trait\u00e9 de Versailles du Maroc. Vous explorerez Bab El Mansour, l\u2019une des plus belles passerelles. Continuez votre visite touristique en visitant le mausol\u00e9e de&nbsp;Moulay&nbsp;Ismail. Vous aurez du temps libre pour d\u00e9jeuner puis visite de la vieille et la nouvelle Medina. Plus tard, vous visiterez le village de&nbsp;Moulay Idriss Zerhoun&nbsp;qui est un lieu de p\u00e8lerinage pour les Marocains. Apr\u00e8s, vous d\u00e9couvrirez les ruines romaines antiques de&nbsp;Volubulis. Nous roulerons, enfin \u00e0 Fes.Profitez de&nbsp;votre soir\u00e9e avec d\u00eener traditionnel marocain .passer la nuit dans un&nbsp;Riad&nbsp;ou h\u00f4tel.<\/p>\n<h4><span style=\"color: #ff6600;\"><strong>Jour 4 : Fes<\/strong><\/span><\/h4>\n<p>Aujourd\u2019hui apr\u00e8s le petit d\u00e9jeuner, vous aurez une visite guid\u00e9e pour d\u00e9couvrir la ville royale de&nbsp;F\u00e8s. Votre matin\u00e9e sera consacr\u00e9e \u00e0 la visite du medieval Medina (vieille ville) avec ses remparts et ses ruelles \u00e9troites qui a \u00e9t\u00e9 d\u00e9clar\u00e9 site du patrimoine mondial de l\u2019UNESCO en 1981. Vous verrez le xvie si\u00e8cle Merinid&nbsp;tombes ruines. Vous visiterez le&nbsp;&nbsp;Attarine Bouanania et les Medersas de la ville&nbsp;construit au d\u00e9but du 14\u00e8me si\u00e8cle par les&nbsp;M\u00e9rinides, la&nbsp;Mosqu\u00e9e Karaouine (l\u2019ancien&nbsp;centre \u00e9ducatif&nbsp;d\u2019apprentissage islamique), et la&nbsp;&nbsp;fontaine de marbre Nejjarine. Vous aurez une pause pour d\u00e9jeuner dans un restaurant typiquement Marocain. Continuant sur votre visite, vous pourrez voir le d\u00e9cor\u00e9es porte de Bab&nbsp;Boujeloud, \u00e0 l\u2019\u00e9poque m\u00e9di\u00e9vale, les tanneries, le Palais Royal .Puis visite des souks (march\u00e9s locaux) o\u00f9 les marchands et artisans vendent leurs bijoux faits \u00e0 la main, des marchandises en cuir, copperware et la poterie. D\u00eener et h\u00e9bergement \u00e0 l\u2019h\u00f4tel.<\/p>\n<h4><span style=\"color: #ff6600;\"><strong>Jour 5 :&nbsp;Fes &nbsp;Ifran Azrou Beni Mellal cascades&nbsp;d\u2019Ouzoud Marrakech.<\/strong><\/span><\/h4>\n<p>Apr\u00e8s le petit d\u00e9jeuner \u00e0 l\u2019h\u00f4tel, d\u00e9part vers Marrakech (la perle du sud) par l\u2019entremise du milieu&nbsp;Atlasvia Ifran, Azrou&nbsp;et&nbsp;Beni Mellal.&nbsp;Dans&nbsp;Ifran&nbsp;\u201d connu sous le nom de marocain, vous aurez la suisse \u201d Voir le lion de pierre devant nous continuons sur notre volont\u00e9 d\u2019&nbsp;Azrou. Plus tard, vous aurez la chance de voir le vieil arbre (800 ans, nomm\u00e9 Cedre Gouraud) et satisfaire les singes en for\u00eat de c\u00e8dres. \u00c0 partir d\u2019ici nous traversons Azrou, une ville r\u00e9put\u00e9e pour son berb\u00e8re green de toits en tuiles. Nous allons parvenir \u00e0 Beni Mellal&nbsp;o\u00f9 vous d\u00e9gusterez votre d\u00e9jeuner. Poursuite notre lecteur, vous pouvez visiter les impressionnantes&nbsp;cascades&nbsp;d\u2019Ouzoud avant nous arrivons \u00e0 Marrakech o\u00f9 vous d\u00e9gusterez votre d\u00eener et passer la nuit dans un&nbsp;Riad&nbsp;ou h\u00f4tel.<\/p>\n<h4><span style=\"color: #ff6600;\"><strong>Jour 6 : Marrakech<\/strong><\/span><\/h4>\n<p>Aujourd\u2019hui peut \u00eatre consacr\u00e9 \u00e0 la visite \u00e0 Marrakech, la ville imp\u00e9riale du Sud. Vous visiterez la&nbsp;&nbsp;Mosqu\u00e9e de la Koutoubia et admirer sa tour, le&nbsp;&nbsp;Jardin Majorelle; un jardin botanique avec ses plantes vari\u00e9es, le xvie si\u00e8cle&nbsp;&nbsp;Tombeaux Saadiens; elles sont toutes d\u00e9cor\u00e9es en&nbsp;&nbsp;carreaux de mosa\u00efque color\u00e9e, le xixe si\u00e8cle Palais Bahia avec sa belle architecture orientale. Vous aurez une pause pour le d\u00e9jeuner. Dans l\u2019apr\u00e8s-midi, vous aurez le temps d\u2019explorer la fascinante des souks et les ruelles autour de la&nbsp;Djem\u00e2a&nbsp;El-Fna&nbsp;Square. Dans la soir\u00e9e, vous serez enchant\u00e9 avec charmeurs de serpents, chanteurs, acrobates, danseurs, de narrateurs et conteurs \u2013 D\u00e9placement d\u2019un groupe \u00e0 l\u2019autre .appr\u00e9cier votre d\u00eener et passer la nuit dans un h\u00f4tel ou&nbsp;Riad.<\/p>\n<h4><span style=\"color: #ff6600;\"><strong>Jour 7:&nbsp;Marrakech &nbsp;essaouira<\/strong><\/span><\/h4>\n<p>Ce matin apr\u00e8s le petit d\u00e9jeuner, nous quitterons Marrakech \u201cla ville Rouge\u201d vers&nbsp;ESSAOUIRA. Vous pouvez visiter une&nbsp;usine Argan dirig\u00e9es par des femmes et de mieux conna\u00eetre les processus de fabrication de&nbsp;l\u2019&nbsp;huile d\u2019argan. Vous pourrez explorer le port de la ville touristique c\u00f4ti\u00e8re d\u2019&nbsp;Essaouira. Profitez d\u2019un d\u00e9jeuner de fruits de mer frais dans la m\u00e9dina. L\u2019apr\u00e8s-midi est \u00e0 votre guise pour une exploration personnelle; vous pouvez nager et vous d\u00e9tendre sur la plage. D\u00e9gustez votre d\u00eener et passer la nuit dans un Riad&nbsp;ou h\u00f4tel.<\/p>\n<h4><span style=\"color: #ff6600;\"><strong>Jour 8: Essaouira Safi &nbsp;Oualidia&nbsp; Casablanca El Jadida<\/strong><\/span><\/h4>\n<p>Aujourd\u2019hui, nous allons laisser&nbsp;ESSAOUIRA&nbsp;vers CASABLANCA \u201d le&nbsp;centre commercial&nbsp;du Maroc\u201d via la&nbsp;&nbsp;route c\u00f4ti\u00e8re tout en admirant la vue. Nous passerons par Safi puis \u00e0&nbsp;Oualida&nbsp;o\u00f9 vous pourrez profiter de d\u00e9licieux fruits de mer dans ce merveilleux endroit. Apr\u00e8s le d\u00e9jeuner nous continuerons \u00e0 Casablanca en passant par El&nbsp;Jadida&nbsp;(\u00e9tait connu avec&nbsp;Mazagan); cette ancienne m\u00e9dina a \u00e9t\u00e9 cr\u00e9\u00e9 en 1513 par les Portugais. Arriver \u00e0 Casablanca en d\u00e9but de soir\u00e9e, savourez votre d\u00eener et nuit \u00e0 l\u2019h\u00f4tel.<\/p>\n<h4><span style=\"color: #ff6600;\"><strong>Jour 9 : Casablanca<\/strong><\/span><\/h4>\n<p>Apr\u00e8s le petit-d\u00e9jeuner \u00e0 l\u2019h\u00f4tel, transfert \u00e0 l\u2019a\u00e9roport selon votre heure de d\u00e9part.<\/p>\n","protected":false},"excerpt":{"rendered":"<p>Jour 1 : Casablanca Arriver dans l\u2019a\u00e9roport de Casablanca. Votre guide local vous rencontrera puis vous escortera \u00e0 votre h\u00f4tel (selon l\u2019heure d\u2019arriv\u00e9e).&nbsp;D\u00eener et nuit \u00e0<span class=\"excerpt-hellip\"> [\u2026]<\/span><\/p>\n","protected":false},"author":1,"featured_media":0,"parent":0,"menu_order":0,"comment_status":"closed","ping_status":"closed","template":"","meta":{"ngg_post_thumbnail":0,"footnotes":""},"class_list":["post-511","page","type-page","status-publish","hentry"],"_links":{"self":[{"href":"http:\/\/menaramoroccotours.com\/fr\/wp-json\/wp\/v2\/pages\/511","targetHints":{"allow":["GET"]}}],"collection":[{"href":"http:\/\/menaramoroccotours.com\/fr\/wp-json\/wp\/v2\/pages"}],"about":[{"href":"http:\/\/menaramoroccotours.com\/fr\/wp-json\/wp\/v2\/types\/page"}],"author":[{"embeddable":true,"href":"http:\/\/menaramoroccotours.com\/fr\/wp-json\/wp\/v2\/users\/1"}],"replies":[{"embeddable":true,"href":"http:\/\/menaramoroccotours.com\/fr\/wp-json\/wp\/v2\/comments?post=511"}],"version-history":[{"count":2,"href":"http:\/\/menaramoroccotours.com\/fr\/wp-json\/wp\/v2\/pages\/511\/revisions"}],"predecessor-version":[{"id":762,"href":"http:\/\/menaramoroccotours.com\/fr\/wp-json\/wp\/v2\/pages\/511\/revisions\/762"}],"wp:attachment":[{"href":"http:\/\/menaramoroccotours.com\/fr\/wp-json\/wp\/v2\/media?parent=511"}],"curies":[{"name":"wp","href":"https:\/\/api.w.org\/{rel}","templated":true}]}}