{"id":507,"date":"2017-10-21T16:29:38","date_gmt":"2017-10-21T16:29:38","guid":{"rendered":"https:\/\/africadeserttravel.com\/?page_id=507"},"modified":"2017-10-27T12:14:08","modified_gmt":"2017-10-27T12:14:08","slug":"8-jours-de-marrakech-a-agadir-via-taroudant","status":"publish","type":"page","link":"http:\/\/menaramoroccotours.com\/fr\/8-jours-de-marrakech-a-agadir-via-taroudant\/","title":{"rendered":"8 jours de Marrakech \u00e0 Agadir via Taroudant"},"content":{"rendered":"<h4><span style=\"color: #ff6600;\">Jour 1 : Marrakech<\/span><\/h4>\n<p>\u00c0 l\u2019arriv\u00e9e \u00e0&nbsp;l\u2019&nbsp;A\u00e9roport de Marrakech-Menara vous serez accueillis par notre personnel et pris \u00e0 votre lieu d\u2019h\u00e9bergement \u00e0 l\u2019arriv\u00e9e. Apr\u00e8s un bref repos vous seront prises sur un tour de la ville, y compris une visite \u00e0 l\u2019&nbsp;h\u00f4tel Jardins&nbsp;de&nbsp;Majorelle&nbsp;et la c\u00e9l\u00e8bre&nbsp;place Jemaa&nbsp;el&nbsp;Fna&nbsp;.<\/p>\n<h4><span style=\"color: #ff6600;\">Jour 2 : Marrakech \u2013&nbsp;Asni Ouirgane&nbsp;-Taroudant<\/span><\/h4>\n<p>Quitter Marrakech nous nous dirigerons vers&nbsp;Taroudant&nbsp;voyageant le long de la vall\u00e9e de l\u2019&nbsp;oued N\u2019Fis, le berceau des Almohades&nbsp;(l\u2019&nbsp;empire berb\u00e8re nord-africains&nbsp;qui ont domin\u00e9 l\u2019Espagne musulmane dans les derni\u00e8res d\u00e9cennies du 12e si\u00e8cle). Puis la route grimpera de 15 km jusqu\u2019\u00e0&nbsp;Tizi&nbsp;\u2018n-Tichka, \u00e0 2600 m\u00e8tres&nbsp;au-dessus du niveau de la mer.<\/p>\n<p>Il y a une vue imprenable sur le d\u00e9sert et un escalier-comme pente vers&nbsp;Taroudant, une belle ville fortifi\u00e9e. Connue sous le nom de Little Marrakech, Taroudant&nbsp;est entour\u00e9 de 7,5 km de remparts construits au xvie et xviie si\u00e8cles. Nous allons prendre un tour de la m\u00e9dina (vieille ville).&nbsp;D\u00eener et nuit \u00e0 votre h\u00f4tel.<\/p>\n<h4><span style=\"color: #ff6600;\">Jour 3 :&nbsp;Taroudant&nbsp;\u2013&nbsp;Tafraoute<\/span><\/h4>\n<p>Apr\u00e8s un petit-d\u00e9jeuner tranquille dans votre h\u00f4tel nous allons traverser une r\u00e9gion d\u2019oliviers et d\u2019&nbsp;arganiers&nbsp;pour atteindre l\u2019&nbsp;Anti Atlas. C\u2019est le domaine le plus important pour l\u2019exploitation du cuivre qui a n\u00e9goci\u00e9s depuis des si\u00e8cles avec les caravanes de Sahraouis. En route, vous verrez une succession de paysages d\u00e9sertiques et min\u00e9rale avec un spectacle d\u2019amandiers en pleine floraison en f\u00e9vrier \u2013 ce qui co\u00efncide avec l\u2019Amandier Festival.<\/p>\n<h4><span style=\"color: #ff6600;\">Jour 4 :&nbsp;Tafraoute&nbsp;\u2013&nbsp;Sidi&nbsp;Ifni \u2013&nbsp;Legzira&nbsp;Beach<\/span><\/h4>\n<p>Nous traverserons le pic de&nbsp;Tizi Kerdous&nbsp;(1100&nbsp;m\u00e8tres) et ferons une halte pour voir la vue extraordinaire sur l\u2019oc\u00e9an et de l\u2019Anti Atlas. Nous descendrons \u00e0 Guelmin&nbsp;une petite ville avec un florissant march\u00e9 de chameaux;.&nbsp;De&nbsp;&nbsp;nous suivrons l\u2019Guelmin route c\u00f4ti\u00e8re jusqu\u2019\u00e0 ce que nous arrivons \u00e0&nbsp;Sidi&nbsp;Ifni o\u00f9 vous aurez du temps libre pour visiter le&nbsp;centre historique&nbsp;ou profiter d\u2019une promenade le long de la belle&nbsp;&nbsp;plage de Legzira avec son c\u00e9l\u00e8bre rock arch.&nbsp;D\u00eener et nuit \u00e0&nbsp;Legzira.<\/p>\n<h4><span style=\"color: #ff6600;\"><strong>Jour 5 :&nbsp;Legzira&nbsp;Beach \u2013&nbsp;Tiznit&nbsp;\u2013 Agadir \u2013&nbsp;Essaouira<\/strong><\/span><\/h4>\n<p>\u00c0 la suite de la route, nous voyagerons \u00e0 travers une vaste for\u00eat et arriver \u00e0&nbsp;Tiznit&nbsp;la ville c\u00e9l\u00e8bre pour ses&nbsp;bijoux en argent, des dagues et Sabre. Nous ferons un arr\u00eat dans la m\u00e9dina.<\/p>\n<p>Notre prochain arr\u00eat sera \u00e0 Agadir, sur la c\u00f4te de l\u2019Atlantique. Ici nous allons rouler jusqu\u2019au sommet de la colline Kasbah d\u2019o\u00f9 il ya des vues spectaculaires sur le port, la marina et la ville d\u2019Agadir, avant de descendre vers le front de mer o\u00f9 vous pourrez faire une promenade le long de la plage ou m\u00eame un petit creux dans la mer.<\/p>\n<p>Dans l\u2019apr\u00e8s-midi, nous arriverons \u00e0&nbsp;Essaouira&nbsp;et faire un tour des remparts et fortifications prot\u00e9geant la ville.&nbsp;D\u00eener et nuit \u00e0 votre h\u00f4tel.<\/p>\n<h4><span style=\"color: #ff6600;\"><strong>Jour 6 : d\u00e9couvrir&nbsp;Essaouira, pr\u00e9c\u00e9demment appel\u00e9 Mogador<\/strong><\/span><\/h4>\n<p>Vous aurez une journ\u00e9e sans d\u00e9tente pour faire des achats ou d\u00e9couvrir&nbsp;Essaouira&nbsp;sur pied; immergez-vous dans les ruelles de la m\u00e9dina backstreets et ou vous promener autour de l\u2019enceinte fortifi\u00e9e et le port. Passer du temps sur la longue plage de sable ou de chasser des aubaines autour du&nbsp;&nbsp;souk color\u00e9s.&nbsp;D\u00eener et nuit \u00e0 votre h\u00f4tel.<\/p>\n<h4><span style=\"color: #ff6600;\"><strong>Jour 7:&nbsp;Essaouira&nbsp;\u2013 Marrakech<\/strong><\/span><\/h4>\n<p>Dans la matin\u00e9e, nous commencerons notre balade Retour \u00e0 Marrakech en passant dans plusieurs villes et villages. Nous allons traverser la plaine d\u2019El&nbsp;Haouz; une r\u00e9gion incroyable o\u00f9 il est courant de voir la grue nicheuse et green arganiers&nbsp;les ch\u00e8vres grimper pour atteindre le juteux de feuilles. Nous arrivons dans la ville rouge en fin d\u2019apr\u00e8s-midi.&nbsp;D\u00eener et nuit \u00e0 votre h\u00f4tel.<\/p>\n<h4><span style=\"color: #ff6600;\"><strong>Jour 8: Marrakech et a\u00e9roport<\/strong><\/span><\/h4>\n<p>Apr\u00e8s le petit-d\u00e9jeuner dans votre h\u00f4tel nous allons soit vous emm\u00e8nera directement \u00e0 l\u2019a\u00e9roport pour votre vol de retour ou, si le temps le permet, faites une visite diurne de la&nbsp;place Jemaa&nbsp;el&nbsp;Fna&nbsp;et les&nbsp;&nbsp;Tombeaux Saadiens.<\/p>\n","protected":false},"excerpt":{"rendered":"<p>Jour 1 : Marrakech \u00c0 l\u2019arriv\u00e9e \u00e0&nbsp;l\u2019&nbsp;A\u00e9roport de Marrakech-Menara vous serez accueillis par notre personnel et pris \u00e0 votre lieu d\u2019h\u00e9bergement \u00e0 l\u2019arriv\u00e9e. Apr\u00e8s un bref<span class=\"excerpt-hellip\"> [\u2026]<\/span><\/p>\n","protected":false},"author":1,"featured_media":0,"parent":0,"menu_order":0,"comment_status":"closed","ping_status":"closed","template":"","meta":{"ngg_post_thumbnail":0,"footnotes":""},"class_list":["post-507","page","type-page","status-publish","hentry"],"_links":{"self":[{"href":"http:\/\/menaramoroccotours.com\/fr\/wp-json\/wp\/v2\/pages\/507","targetHints":{"allow":["GET"]}}],"collection":[{"href":"http:\/\/menaramoroccotours.com\/fr\/wp-json\/wp\/v2\/pages"}],"about":[{"href":"http:\/\/menaramoroccotours.com\/fr\/wp-json\/wp\/v2\/types\/page"}],"author":[{"embeddable":true,"href":"http:\/\/menaramoroccotours.com\/fr\/wp-json\/wp\/v2\/users\/1"}],"replies":[{"embeddable":true,"href":"http:\/\/menaramoroccotours.com\/fr\/wp-json\/wp\/v2\/comments?post=507"}],"version-history":[{"count":3,"href":"http:\/\/menaramoroccotours.com\/fr\/wp-json\/wp\/v2\/pages\/507\/revisions"}],"predecessor-version":[{"id":760,"href":"http:\/\/menaramoroccotours.com\/fr\/wp-json\/wp\/v2\/pages\/507\/revisions\/760"}],"wp:attachment":[{"href":"http:\/\/menaramoroccotours.com\/fr\/wp-json\/wp\/v2\/media?parent=507"}],"curies":[{"name":"wp","href":"https:\/\/api.w.org\/{rel}","templated":true}]}}