{"id":501,"date":"2017-10-21T16:27:40","date_gmt":"2017-10-21T16:27:40","guid":{"rendered":"https:\/\/africadeserttravel.com\/?page_id=501"},"modified":"2017-10-27T12:12:41","modified_gmt":"2017-10-27T12:12:41","slug":"6-jours-de-casablanca-fes-et-chefchaouen","status":"publish","type":"page","link":"http:\/\/menaramoroccotours.com\/fr\/6-jours-de-casablanca-fes-et-chefchaouen\/","title":{"rendered":"6 Jours de Casablanca F\u00e8s et\u00a0Chefchaouen"},"content":{"rendered":"<h4><span style=\"color: #ff6600;\"><strong>Jour 1 Casablanca Rabat :<\/strong><\/span><\/h4>\n<p>Vous chercher \u00e0 l\u2019a\u00e9roport, transfert \u00e0 votre&nbsp;Riad\/h\u00f4tel, visite&nbsp;de la m\u00e9dina de Rabat D\u00eener, l\u2019h\u00f4tel.<\/p>\n<h4><span style=\"color: #ff6600;\"><strong>Jour 2&nbsp;Rabat Mekn\u00e9s :<\/strong><\/span><\/h4>\n<p>S\u2019\u00e9cartent \u00e0&nbsp;volubilis,&nbsp;les ruines romaines de&nbsp;Volubilis,le&nbsp;Forum, et ancienne capitale du Maroc. Continuer \u00e0 Mekn\u00e8s, entrez Mekn\u00e8s par la porte monumentale \u201cBab Mansour\u201d et visite&nbsp;&nbsp;mausol\u00e9e de Moulay Ismail.&nbsp;Le d\u00eener, l\u2019h\u00f4tel.<\/p>\n<h4><span style=\"color: #ff6600;\"><strong>Jour 3 Mekn\u00e8s FEZ:<\/strong><\/span><\/h4>\n<p>S\u2019\u00e9carter de Mekn\u00e8s pour F\u00e8s ville imp\u00e9riale du Maroc, visite de la m\u00e9dina de F\u00e8s avec un guide.&nbsp;Le d\u00eener, l\u2019h\u00f4tel.<\/p>\n<h4><span style=\"color: #ff6600;\"><strong>Jour&nbsp;4 Fez Chefchaouen :<\/strong><\/span><\/h4>\n<p>D\u00e9part Fez \u00e0&nbsp;Chefchaouen&nbsp;la ville bleue du Maroc, visiter la m\u00e9dina de&nbsp;Chefchaouen. Le d\u00eener, l\u2019h\u00f4tel.<\/p>\n<h4><span style=\"color: #ff6600;\"><strong>Jour 5&nbsp;Chefchaouen Tanger :<\/strong><\/span><\/h4>\n<p>S\u2019\u00e9carter&nbsp;&nbsp;\u00e0&nbsp;Tanger, visite Chefchaouen la m\u00e9dina de Tanger. Le d\u00eener, l\u2019h\u00f4tel.<\/p>\n<h4><span style=\"color: #ff6600;\">Jour&nbsp;6 &nbsp;Tanger&nbsp;Casablanca :<\/span><\/h4>\n<p>S\u2019\u00e9carter de&nbsp;Tanger&nbsp;\u00e0&nbsp;Casablanca&nbsp;et \u00e0 la fin de l\u2019excursion.<\/p>\n","protected":false},"excerpt":{"rendered":"<p>Jour 1 Casablanca Rabat : Vous chercher \u00e0 l\u2019a\u00e9roport, transfert \u00e0 votre&nbsp;Riad\/h\u00f4tel, visite&nbsp;de la m\u00e9dina de Rabat D\u00eener, l\u2019h\u00f4tel. Jour 2&nbsp;Rabat Mekn\u00e9s : S\u2019\u00e9cartent \u00e0&nbsp;volubilis,&nbsp;les ruines<span class=\"excerpt-hellip\"> [\u2026]<\/span><\/p>\n","protected":false},"author":1,"featured_media":0,"parent":0,"menu_order":0,"comment_status":"closed","ping_status":"closed","template":"","meta":{"ngg_post_thumbnail":0,"footnotes":""},"class_list":["post-501","page","type-page","status-publish","hentry"],"_links":{"self":[{"href":"http:\/\/menaramoroccotours.com\/fr\/wp-json\/wp\/v2\/pages\/501","targetHints":{"allow":["GET"]}}],"collection":[{"href":"http:\/\/menaramoroccotours.com\/fr\/wp-json\/wp\/v2\/pages"}],"about":[{"href":"http:\/\/menaramoroccotours.com\/fr\/wp-json\/wp\/v2\/types\/page"}],"author":[{"embeddable":true,"href":"http:\/\/menaramoroccotours.com\/fr\/wp-json\/wp\/v2\/users\/1"}],"replies":[{"embeddable":true,"href":"http:\/\/menaramoroccotours.com\/fr\/wp-json\/wp\/v2\/comments?post=501"}],"version-history":[{"count":2,"href":"http:\/\/menaramoroccotours.com\/fr\/wp-json\/wp\/v2\/pages\/501\/revisions"}],"predecessor-version":[{"id":754,"href":"http:\/\/menaramoroccotours.com\/fr\/wp-json\/wp\/v2\/pages\/501\/revisions\/754"}],"wp:attachment":[{"href":"http:\/\/menaramoroccotours.com\/fr\/wp-json\/wp\/v2\/media?parent=501"}],"curies":[{"name":"wp","href":"https:\/\/api.w.org\/{rel}","templated":true}]}}