{"id":499,"date":"2017-10-21T16:27:03","date_gmt":"2017-10-21T16:27:03","guid":{"rendered":"https:\/\/africadeserttravel.com\/?page_id=499"},"modified":"2017-10-27T12:15:43","modified_gmt":"2017-10-27T12:15:43","slug":"circuit-de-5-jours-au-depart-de-tanger-nord-maroc","status":"publish","type":"page","link":"http:\/\/menaramoroccotours.com\/fr\/circuit-de-5-jours-au-depart-de-tanger-nord-maroc\/","title":{"rendered":"Circuit de 5 Jours au d\u00e9part de Tanger Nord Maroc"},"content":{"rendered":"<h4><strong><span style=\"color: #ff6600;\">JOUR 1: TANGER &#8211; CHEFCHAWEN<\/span><\/strong><\/h4>\n<p>Votre conseiller voyage et transport priv\u00e9 vous rencontreront \u00e0 Tanger. Vos aventures commencent alors que nous nous dirigeons vers Chefchaouen connu pour sa charmante palette de b\u00e2timents bleus et blancs, une fois l\u00e0, vous pourrez embrasser l&rsquo;art culinaire de cette r\u00e9gion et fl\u00e2ner dans ses ruelles \u00e9blouissantes. Vous passerez la nuit dans cette ville de votre h\u00f4tel \/ riad o\u00f9 vous pourrez vous d\u00e9tendre et vous reposer.<\/p>\n<h4><strong><span style=\"color: #ff6600;\">JOUR 2: CHEFCHAWEN &#8211; VOLUBILIS &#8211; MEKNES &#8211; FES<\/span><\/strong><\/h4>\n<p>La matin\u00e9e commence avec la brise fra\u00eeche de la ville de Chefchaouen, plus tard, notre voyage nous emm\u00e8nera aux ruines arch\u00e9ologiques de Volubilis. Les ruines sont un exemple remarquable des diff\u00e9rents types de civilisations qui ont fait du Maroc leur patrie et qui sont toujours pr\u00e9sentes dans les traditions culturelles du pays. Cela en fait un endroit id\u00e9al pour une promenade \u00e0 travers sa beaut\u00e9 et son histoire. Notre prochain arr\u00eat est la ville imp\u00e9riale de Mekn\u00e8s, r\u00e9sidence unique du sultanat marocain Moulay Ismail, vous explorerez ce lieu historique et serez captiv\u00e9 par sa magie. Enfin, nous arriverons \u00e0 l&rsquo;ancienne ville de F\u00e8s, capitale culturelle du Maroc, l&rsquo;une des villes islamiques m\u00e9di\u00e9vales les plus compl\u00e8tes du monde. Votre aventure d&rsquo;aujourd&rsquo;hui se termine ici dans votre h\u00f4tel ou riad o\u00f9 vous pourrez vous reposer et vous rafra\u00eechir.<\/p>\n<h4><strong><span style=\"color: #ff6600;\">JOUR 3: FES SIGHTSEEING<\/span><\/strong><\/h4>\n<p>Aujourd&rsquo;hui, votre guide local vous rencontrera \u00e0 votre h\u00f4tel et vous aidera \u00e0 d\u00e9couvrir les endroits les plus incroyables de la ville tels que medersa bou inania, medersa el-attarine, Fes el Bali, le plus vieux quartier de la ville et bien d&rsquo;autres sites de charme. nuit dans votre h\u00f4tel ou riad \u00e0 F\u00e8s.<\/p>\n<h4><strong><span style=\"color: #ff6600;\">JOUR 4: FES &#8211; RABAT SIGHTSEEING<\/span><\/strong><\/h4>\n<p>Apr\u00e8s avoir pris le petit d\u00e9jeuner dans votre h\u00f4tel, vous partirez vers l&rsquo;ouest vers la capitale du Maroc, \u00e0 Rabat vous aurez la chance de d\u00e9couvrir des lieux comme le mausol\u00e9e de Mohammed V, la charmante Kasbah de l&rsquo;Oudaya avec ses maisons traditionnelles aux murs blancs et bleus. le Chellah, une vieille ville romaine et l&rsquo;un des sites les plus \u00e9vocateurs de Rabat. Aujourd&rsquo;hui, la ville abandonn\u00e9e est envahie par des arbres fruitiers et des fleurs sauvages, l&rsquo;endroit id\u00e9al pour une promenade avant de conduire \u00e0 votre Riad pour la nuit.<\/p>\n<h4><strong><span style=\"color: #ff6600;\">JOUR 5: RABAT &#8211; ASSILA &#8211; TANGER<\/span><\/strong><\/h4>\n<p>La journ\u00e9e commence t\u00f4t apr\u00e8s le petit d\u00e9jeuner, votre aventure se poursuivra en direction de la ville d&rsquo;Assilah, une magnifique ville aux murs blancs qui vous fera vous sentir comme si vous \u00e9tiez sur une \u00eele grecque. Une fois l\u00e0, vous aurez l&rsquo;occasion de d\u00e9couvrir la culture exotique unique de la ville un m\u00e9lange de traditions espagnoles marocaines visibles dans toutes les activit\u00e9s de la vie quotidienne. Vous passerez la nuit \u00e0 Tanger dans votre h\u00f4tel ou riad.<\/p>\n<p>Ce qui est inclu:<\/p>\n<p>\u25ba Prise en charge et retrait de l&rsquo;h\u00f4tel<br \/>\n\u25ba Transport par v\u00e9hicule climatis\u00e9. carburant et p\u00e9ages<br \/>\n\u25ba Droits d&rsquo;entr\u00e9e<br \/>\n\u25ba Services d&rsquo;un conducteur anglophone qualifi\u00e9<br \/>\n\u25ba 4 nuits H\u00e9bergement dans des h\u00f4tels bien recommand\u00e9s \/ Kasbahs \/ Riads<br \/>\n\u25ba petit-d\u00e9jeuner et d\u00eener tous les jours<\/p>\n<p>Ce qui n&rsquo;est pas inclus<\/p>\n<p>\u25ba D\u00e9jeuner et boissons<br \/>\n\u25ba Conseils et gratifications<br \/>\n\u25ba Point de rencontre<br \/>\n\u25ba Prise en charge depuis votre h\u00f4tel ou votre riad<\/p>\n","protected":false},"excerpt":{"rendered":"<p>JOUR 1: TANGER &#8211; CHEFCHAWEN Votre conseiller voyage et transport priv\u00e9 vous rencontreront \u00e0 Tanger. Vos aventures commencent alors que nous nous dirigeons vers Chefchaouen connu<span class=\"excerpt-hellip\"> [\u2026]<\/span><\/p>\n","protected":false},"author":1,"featured_media":0,"parent":0,"menu_order":0,"comment_status":"closed","ping_status":"closed","template":"","meta":{"ngg_post_thumbnail":0,"footnotes":""},"class_list":["post-499","page","type-page","status-publish","hentry"],"_links":{"self":[{"href":"http:\/\/menaramoroccotours.com\/fr\/wp-json\/wp\/v2\/pages\/499","targetHints":{"allow":["GET"]}}],"collection":[{"href":"http:\/\/menaramoroccotours.com\/fr\/wp-json\/wp\/v2\/pages"}],"about":[{"href":"http:\/\/menaramoroccotours.com\/fr\/wp-json\/wp\/v2\/types\/page"}],"author":[{"embeddable":true,"href":"http:\/\/menaramoroccotours.com\/fr\/wp-json\/wp\/v2\/users\/1"}],"replies":[{"embeddable":true,"href":"http:\/\/menaramoroccotours.com\/fr\/wp-json\/wp\/v2\/comments?post=499"}],"version-history":[{"count":2,"href":"http:\/\/menaramoroccotours.com\/fr\/wp-json\/wp\/v2\/pages\/499\/revisions"}],"predecessor-version":[{"id":764,"href":"http:\/\/menaramoroccotours.com\/fr\/wp-json\/wp\/v2\/pages\/499\/revisions\/764"}],"wp:attachment":[{"href":"http:\/\/menaramoroccotours.com\/fr\/wp-json\/wp\/v2\/media?parent=499"}],"curies":[{"name":"wp","href":"https:\/\/api.w.org\/{rel}","templated":true}]}}