{"id":497,"date":"2017-10-21T16:26:17","date_gmt":"2017-10-21T16:26:17","guid":{"rendered":"https:\/\/africadeserttravel.com\/?page_id=497"},"modified":"2017-10-27T12:12:34","modified_gmt":"2017-10-27T12:12:34","slug":"5-jours-fes-merzouga-marrakech","status":"publish","type":"page","link":"http:\/\/menaramoroccotours.com\/fr\/5-jours-fes-merzouga-marrakech\/","title":{"rendered":"5 Jours Fes Merzouga Marrakech"},"content":{"rendered":"<h4><span style=\"color: #ff6600;\"><strong>Jour 1 : FES \u2013&nbsp;Ifrane&nbsp;\u2013&nbsp;Midelt&nbsp;\u2013&nbsp;Erfoud&nbsp;\u2013&nbsp;&nbsp;Dunes de Merzouga<\/strong><\/span><\/h4>\n<p>Le d\u00e9part du&nbsp;Riad\/h\u00f4tel sera \u00e0 8 Am. Le voyage de l\u2019Erg Chebbi&nbsp;dunes durera 8 heures dans lequel nous allons voir les montagnes de l\u2019Atlas et certains villages (Tafilalet,Erfoud&nbsp;et&nbsp;Rissani). Nous nous arr\u00eaterons dans certaines villes comme Ifrane&nbsp;et&nbsp;Azrou&nbsp;pour profiter de la vue sur le bois de c\u00e8dre et des singes qui y vivent. Le d\u00e9jeuner sera servi \u00e0&nbsp;Midelt&nbsp;, puis nous irons de l\u2019avant \u00e0 travers la&nbsp;&nbsp;vall\u00e9e de Ziz avec une belle vue sur les palmiers jusqu\u2019\u00e0 ce que nous arrivons \u00e0 l\u2019Erg&nbsp;Chebbi&nbsp;o\u00f9 nous ferons camel&nbsp;rack Treck&nbsp;pour atteindre le d\u00e9sert camp pour passer la nuit dans une tente berb\u00e8re.<\/p>\n<h4><span style=\"color: #ff6600;\"><strong>Jour&nbsp;2 : l\u2019&nbsp;Erg&nbsp;Chebbi Merzouga&nbsp;Desert<\/strong><\/span><\/h4>\n<p>Le matin nous course de chameaux t\u00f4t pour profiter de la vue sur le lever du soleil, la destination sera l\u2019h\u00f4tel pour le petit d\u00e9jeuner et une douche. Puis nous allons explorer le nomade vivant et voir de nombreux petits villages comme (Merzouga, Hassi&nbsp;Khamlia Labied et aussi) nous conduirons pendant 60 kilom\u00e8tres. Au cours de l\u2019apr\u00e8s-midi, vous pourrez profiter de la piscine dans un local la piscine de l\u2019h\u00f4tel entour\u00e9e de belle vue de montagnes de sable.<\/p>\n<h4><span style=\"color: #ff6600;\"><strong>Jour&nbsp;3 : l\u2019&nbsp;Erg&nbsp;Chebbi Rissani Todra&nbsp;Gorges<\/strong><\/span><\/h4>\n<p>Apr\u00e8s le petit d\u00e9jeuner, nous parcourons le d\u00e9sert noir (Hamada) pour atteindre&nbsp;Rissani&nbsp;et&nbsp;Erfoud&nbsp;la ville des fossiles o\u00f9 nous visiterons un atelier fossile avant de visiter&nbsp;Todra&nbsp;Valley, le lieu de pr\u00e9dilection pour les alpinistes. Nous allons trek l\u00e0 avant d\u2019aller \u00e0 l\u2019h\u00f4tel o\u00f9 nous allons pour d\u00eener et passer la nuit.<\/p>\n<h4><span style=\"color: #ff6600;\"><strong>Jour&nbsp;4 : Todra&nbsp;Gorges &nbsp;&nbsp;Vall\u00e9e du Dad\u00e8s &nbsp;Skoura Ouarzazate<\/strong><\/span><\/h4>\n<p>Nous commencerons la journ\u00e9e en prenant le petit-d\u00e9jeuner \u00e0 l\u2019h\u00f4tel,&nbsp;puis&nbsp;nous continuons le voyage \u00e0 travers de nombreux vieux Kasbahs et la roche R\u00e9gion de&nbsp;&nbsp;vall\u00e9e du Dad\u00e8s o\u00f9 les nomades vivent toujours dans des cavernes. Nous allons passer quelque temps avec l\u2019une de ces familles qui vivent encore une vie simple pour en savoir plus \u00e0 propos de leur culture. Ensuite, nous visiterons le Rose Valley connu pour la plantation et rendre les produits biologiques de roses \u00e0 atteindre&nbsp;Skoura&nbsp;palmeraies. 45 kilom\u00e8tres de route de&nbsp;Ouarzazate&nbsp;o\u00f9 nous passerons la nuit dans un h\u00f4tel local.<\/p>\n<h4><span style=\"color: #ff6600;\"><strong>Jour&nbsp;5 : Ouarzazate Ait Benhaddou&nbsp; Haut Atlas Marrakech<\/strong><\/span><\/h4>\n<p>Notre aventure d\u00e9butera apr\u00e8s le petit-d\u00e9jeuner; nous allons commencer par visiter les studios de cin\u00e9ma \u00e0&nbsp;Ouarzazate&nbsp;(l\u2019African Hollywood). Ensuite, nous allons visiter le site du patrimoine all-inclusive de&nbsp;Ait Benhaddou&nbsp;Kasbah comme il a \u00e9t\u00e9 nomm\u00e9 par&nbsp;l\u2019Unesco&nbsp;en 1987. Plus de 20 films y compris \u201cGladiator\u201d \u201d Alexander\u201d \u201d Indiana Jones \u201d et \u201d Lawrence d\u2019Arabie \u201d ont \u00e9t\u00e9 film\u00e9es dans cette ville fortifi\u00e9e. Nous conduisons \u00e0 Marrakech en prenant la route \u00e0 travers les montagnes du Haut Atlas et&nbsp;Tizi N\u2019Tichka&nbsp;et nous allons d\u00e9jeuner dans le centre de l\u2019Atlas avant d\u2019arriver \u00e0 votre&nbsp;riad&nbsp;ou h\u00f4tel \u00e0 Marrakech.<\/p>\n","protected":false},"excerpt":{"rendered":"<p>Jour 1 : FES \u2013&nbsp;Ifrane&nbsp;\u2013&nbsp;Midelt&nbsp;\u2013&nbsp;Erfoud&nbsp;\u2013&nbsp;&nbsp;Dunes de Merzouga Le d\u00e9part du&nbsp;Riad\/h\u00f4tel sera \u00e0 8 Am. Le voyage de l\u2019Erg Chebbi&nbsp;dunes durera 8 heures dans lequel nous allons<span class=\"excerpt-hellip\"> [\u2026]<\/span><\/p>\n","protected":false},"author":1,"featured_media":0,"parent":0,"menu_order":0,"comment_status":"closed","ping_status":"closed","template":"","meta":{"ngg_post_thumbnail":0,"footnotes":""},"class_list":["post-497","page","type-page","status-publish","hentry"],"_links":{"self":[{"href":"http:\/\/menaramoroccotours.com\/fr\/wp-json\/wp\/v2\/pages\/497","targetHints":{"allow":["GET"]}}],"collection":[{"href":"http:\/\/menaramoroccotours.com\/fr\/wp-json\/wp\/v2\/pages"}],"about":[{"href":"http:\/\/menaramoroccotours.com\/fr\/wp-json\/wp\/v2\/types\/page"}],"author":[{"embeddable":true,"href":"http:\/\/menaramoroccotours.com\/fr\/wp-json\/wp\/v2\/users\/1"}],"replies":[{"embeddable":true,"href":"http:\/\/menaramoroccotours.com\/fr\/wp-json\/wp\/v2\/comments?post=497"}],"version-history":[{"count":2,"href":"http:\/\/menaramoroccotours.com\/fr\/wp-json\/wp\/v2\/pages\/497\/revisions"}],"predecessor-version":[{"id":753,"href":"http:\/\/menaramoroccotours.com\/fr\/wp-json\/wp\/v2\/pages\/497\/revisions\/753"}],"wp:attachment":[{"href":"http:\/\/menaramoroccotours.com\/fr\/wp-json\/wp\/v2\/media?parent=497"}],"curies":[{"name":"wp","href":"https:\/\/api.w.org\/{rel}","templated":true}]}}