{"id":493,"date":"2017-10-21T16:24:41","date_gmt":"2017-10-21T16:24:41","guid":{"rendered":"https:\/\/africadeserttravel.com\/?page_id=493"},"modified":"2017-10-27T12:12:14","modified_gmt":"2017-10-27T12:12:14","slug":"4-jours-de-marrakech-a-erg-chegaga","status":"publish","type":"page","link":"http:\/\/menaramoroccotours.com\/fr\/4-jours-de-marrakech-a-erg-chegaga\/","title":{"rendered":"4 Jours de Marrakech \u00e0 Erg Chegaga"},"content":{"rendered":"<h4><span style=\"color: #ff6600;\"><strong>JOUR 1: MARRAKECH &#8211; ATLAS &#8211; AIT BENHADDOU &#8211; OUARZAZATE<\/strong><\/span><\/h4>\n<p>Votre transport organis\u00e9 viendra vous chercher \u00e0 votre h\u00f4tel \u00e0 Marrakech t\u00f4t le matin 8h00. Le voyage commence par la route \u00e0 travers les montagnes de l&rsquo;Atlas o\u00f9 vous pourrez appr\u00e9cier certains des paysages les plus beaux et les plus beaux du Maroc. La route nous m\u00e8nera \u00e0 Ait Benhaddou, une ville antique, d\u00e9cor pour de nombreux films hollywoodiens en raison de sa beaut\u00e9 incomparable. Vous aurez l&rsquo;occasion de parcourir ses ruelles captivantes et d&rsquo;explorer sa magie. Notre voyage se poursuivra jusqu&rsquo;\u00e0 la ville de Ouarzazate, une ville de culture et de traditions artistiques dynamiques. Ouarzazate est une province tranquille connue pour ses studios de cin\u00e9ma. Une fois dans cette ville, vous pourrez marcher dans les rues ou visiter les studios. Vous passerez la nuit dans votre h\u00f4tel, d\u00eenez et reposez-vous.<\/p>\n<h4><strong><span style=\"color: #ff6600;\">JOUR 2: OUARZAZATE &#8211; VALL\u00c9E DU DRAA &#8211; ZAGORA -ERG CHEGAGA<\/span><\/strong><\/h4>\n<p>La matin\u00e9e commence entour\u00e9 par la beaut\u00e9 de la ville, apr\u00e8s avoir pris le petit d\u00e9jeuner \u00e0 votre h\u00f4tel, nous continuerons le voyage vers notre prochaine destination. Pendant que nous nous frayons un chemin \u00e0 travers la beaut\u00e9 de la vall\u00e9e du Dra nous traverserons de nombreuses villes berb\u00e8res comme l&rsquo;oasis d&rsquo;Agdez, o\u00f9 nous pourrons admirer d&rsquo;authentiques kasbahs en briques de boue. Nous atteindrons ensuite la petite ville de Zagora au Sahara, ici nous prendrons vos n\u00e9cessit\u00e9s du d\u00e9sert et nous nous dirigerons vers le d\u00e9sert de Chegaga. Une fois \u00e0 Chegaga, l&rsquo;\u00e9clairage du coucher de soleil vous procurera une exp\u00e9rience surr\u00e9aliste pour votre promenade en chameau jusqu&rsquo;au camp berb\u00e8re o\u00f9 vous pourrez profiter d&rsquo;un d\u00eener traditionnel marocain et dormir sous les \u00e9toiles ou dans des tentes enti\u00e8rement \u00e9quip\u00e9es.<\/p>\n<h4><span style=\"color: #ff6600;\"><strong>JOUR 3: CHEGAGA &#8211; FOUM SGUID &#8211; OUARZAZATE<\/strong><\/span><\/h4>\n<p>Aujourd&rsquo;hui, vous serez r\u00e9veill\u00e9 par un magnifique lever de soleil dans le d\u00e9sert et un petit d\u00e9jeuner traditionnel marocain apr\u00e8s quoi nous reprendrons la route pour notre prochain arr\u00eat, la ville de Ouarzazate passant par Zguit et le lac ass\u00e9ch\u00e9 d&rsquo;Iriqui, ce lac maintenant sec vous surprendra avec ses plantes exotiques du d\u00e9sert arrivant enfin \u00e0 Ouarzazate, une ville d&rsquo;une culture et de traditions artistiques vibrantes. Ouarzazate est une province tranquille \u00e9galement connue pour ses studios de cin\u00e9ma. Une fois dans cette ville, vous pourrez marcher dans les rues ou explorer les studios. Ici, vous passerez la nuit dans votre h\u00f4tel, appr\u00e9ciez le d\u00eener et le repos.<\/p>\n<h4><span style=\"color: #ff6600;\"><strong>JOUR 4: OUARZAZATE &#8211; MARRAKECH<\/strong><\/span><\/h4>\n<p>La matin\u00e9e commence entour\u00e9 par la beaut\u00e9 de la ville, apr\u00e8s avoir pris le petit d\u00e9jeuner \u00e0 votre h\u00f4tel, nous continuerons le voyage vers notre destination prochaine et finale de la ville de Marrakech. Votre aventure avec nous se termine ici en vous emmenant \u00e0 votre h\u00f4tel ou riad.<\/p>\n<p>Ce qui est inclu:<\/p>\n<p>\u25ba Prise en charge et retrait de l&rsquo;h\u00f4tel<br \/>\n\u25ba Transport par v\u00e9hicule climatis\u00e9. carburant et p\u00e9ages<br \/>\n\u25ba Droits d&rsquo;entr\u00e9e<br \/>\n\u25ba Services d&rsquo;un conducteur anglophone qualifi\u00e9<br \/>\n\u25ba 4 nuits H\u00e9bergement dans des h\u00f4tels bien recommand\u00e9s \/ Kasbahs \/ Riads<br \/>\n\u25ba petit-d\u00e9jeuner et d\u00eener tous les jours<\/p>\n<p>Ce qui n&rsquo;est pas inclus<\/p>\n<p>\u25ba D\u00e9jeuner et boissons<br \/>\n\u25ba Conseils et gratifications<br \/>\n\u25ba Point de rencontre<br \/>\n\u25ba Prise en charge depuis votre h\u00f4tel ou votre riad<\/p>\n","protected":false},"excerpt":{"rendered":"<p>JOUR 1: MARRAKECH &#8211; ATLAS &#8211; AIT BENHADDOU &#8211; OUARZAZATE Votre transport organis\u00e9 viendra vous chercher \u00e0 votre h\u00f4tel \u00e0 Marrakech t\u00f4t le matin 8h00. Le<span class=\"excerpt-hellip\"> [\u2026]<\/span><\/p>\n","protected":false},"author":1,"featured_media":0,"parent":0,"menu_order":0,"comment_status":"closed","ping_status":"closed","template":"","meta":{"ngg_post_thumbnail":0,"footnotes":""},"class_list":["post-493","page","type-page","status-publish","hentry"],"_links":{"self":[{"href":"http:\/\/menaramoroccotours.com\/fr\/wp-json\/wp\/v2\/pages\/493","targetHints":{"allow":["GET"]}}],"collection":[{"href":"http:\/\/menaramoroccotours.com\/fr\/wp-json\/wp\/v2\/pages"}],"about":[{"href":"http:\/\/menaramoroccotours.com\/fr\/wp-json\/wp\/v2\/types\/page"}],"author":[{"embeddable":true,"href":"http:\/\/menaramoroccotours.com\/fr\/wp-json\/wp\/v2\/users\/1"}],"replies":[{"embeddable":true,"href":"http:\/\/menaramoroccotours.com\/fr\/wp-json\/wp\/v2\/comments?post=493"}],"version-history":[{"count":2,"href":"http:\/\/menaramoroccotours.com\/fr\/wp-json\/wp\/v2\/pages\/493\/revisions"}],"predecessor-version":[{"id":749,"href":"http:\/\/menaramoroccotours.com\/fr\/wp-json\/wp\/v2\/pages\/493\/revisions\/749"}],"wp:attachment":[{"href":"http:\/\/menaramoroccotours.com\/fr\/wp-json\/wp\/v2\/media?parent=493"}],"curies":[{"name":"wp","href":"https:\/\/api.w.org\/{rel}","templated":true}]}}