{"id":488,"date":"2017-10-21T16:22:06","date_gmt":"2017-10-21T16:22:06","guid":{"rendered":"https:\/\/africadeserttravel.com\/?page_id=488"},"modified":"2017-10-27T12:12:18","modified_gmt":"2017-10-27T12:12:18","slug":"4-jours-de-marrakech-a-fes-via-merzouga-et-rissani","status":"publish","type":"page","link":"http:\/\/menaramoroccotours.com\/fr\/4-jours-de-marrakech-a-fes-via-merzouga-et-rissani\/","title":{"rendered":"4 Jours de Marrakech \u00e0 F\u00e8s via\u00a0Merzouga\u00a0et\u00a0Rissani"},"content":{"rendered":"<h4><span style=\"color: #ff6600;\"><strong>Jour 1 : Marrakech \u2013&nbsp;A\u00eft&nbsp;Ben&nbsp;Haddou&nbsp;\u2013&nbsp;Ouarzazate&nbsp;\u2013&nbsp;&nbsp;Gorges du Dad\u00e8s<\/strong><\/span><\/h4>\n<p>Apr\u00e8s avoir quitt\u00e9 la ville de Marrakech derri\u00e8re, nous nous dirigeons vers le sud \u00e0 travers le&nbsp;col de Tizi n\u2019Tichka&nbsp;(2260m) tout en profitant des vues superbes sur les montagnes et des villages berb\u00e8res sur la voie. Nous nous arr\u00eaterons pour d\u00e9jeuner dans un restaurant traditionnel et visite de la Kasbah de&nbsp;A\u00eft&nbsp;Ben&nbsp;Haddou, qui est un site du patrimoine mondial. Cette c\u00e9l\u00e8bre kasbah&nbsp;ait \u00e9t\u00e9 utilis\u00e9 comme la toile de fond de plus de 20 films.<\/p>\n<p>Apr\u00e8s le d\u00e9jeuner nous continuons \u00e0 travers&nbsp;Ouarzazate, qui est la porte du sud du Maroc, et continuez en direction de l\u2019&nbsp;oasis de Skoura, qui est une zone fertile bord\u00e9e d\u2019immenses palmeraies. \u00c0 la suite de&nbsp;Skoura&nbsp;nous arriver \u00e0 la vall\u00e9e des Roses.<\/p>\n<p>Les roses sont une culture tr\u00e8s importante d\u2019appoint pour la population locale. La rose saison vers le 10 avril, commence et se termine vers le 20 mai, selon les conditions climatiques. La Rose Festival ou&nbsp;Moussem&nbsp;de Roses a lieu le deuxi\u00e8me week-end de mai et dure deux jours. De nombreuses festivit\u00e9s se d\u00e9roulent, y compris des repr\u00e9sentations de groupes folkloriques et le Miss Roses, dont le gagnant du concours puis participe \u00e0 une procession sur un d\u00e9cor\u00e9 de flottement. Les commer\u00e7ants de tous les coins de la r\u00e9gion viennent vendre leurs&nbsp;sp\u00e9cialit\u00e9s&nbsp;et produits artisanaux.<\/p>\n<p>Enfin sur cette journ\u00e9e, nous arrivons \u00e0 la spectaculaire&nbsp;&nbsp;Gorge du Dad\u00e8s et c\u2019est o\u00f9 vous pourrez d\u00eener et passer la nuit \u00e0 votre h\u00f4tel.<\/p>\n<h4><span style=\"color: #ff6600;\"><strong>Jour 2 :&nbsp;&nbsp;gorges du Dad\u00e8s \u2013&nbsp;Todra&nbsp;Gorges \u2013&nbsp;Merzouga<\/strong><\/span><\/h4>\n<p>Apr\u00e8s le petit-d\u00e9jeuner \u00e0 l\u2019h\u00f4tel nous partirons&nbsp;Dades&nbsp;Gorge et la t\u00eate vers la&nbsp;Todra&nbsp;gorges: un \u00e9norme probl\u00e8me, s\u2019\u00e9levant \u00e0 200m dans une vall\u00e9e \u00e9troite, dens\u00e9ment parsem\u00e9 de palmiers et des villages berb\u00e8res. Apr\u00e8s le d\u00e9jeuner dans la gorge, nous allons encore plus loin dans le Sahara \u00e0&nbsp;Merzouga&nbsp;qui a la plus grande masse d\u2019eau souterraine naturelle dans tout le Maroc et se dresse sur le bord de la great sand dunes de l\u2019Erg&nbsp;Chebbi.<\/p>\n<p>D\u00eener et nuit en h\u00f4tel \u00e0&nbsp;Merzouga.<\/p>\n<h4><span style=\"color: #ff6600;\"><strong>Jour 3:&nbsp;Merzouga&nbsp;\u2013&nbsp;&nbsp;Dunes de Merzouga \u2013&nbsp;Merdane&nbsp;Oasis<\/strong><\/span><\/h4>\n<p>Apr\u00e8s un petit-d\u00e9jeuner tranquille et apr\u00e8s avoir visit\u00e9 l\u2019&nbsp;Merzouga&nbsp;oasis, vous conduisez au village&nbsp;KHAMLIA des n\u00e8gres,. Ces personnes provenaient du Soudan et ont d\u2019abord \u00e9t\u00e9 amen\u00e9 au nord comme esclaves. Vous allez rencontrer certaines familles et profitez de th\u00e9 \u00e0 la menthe avec eux et \u00e9coutez&nbsp;la musique Gnaoua traditionnel.<\/p>\n<p>Notre prochain arr\u00eat sera \u00e0&nbsp;IFM, un petit village au sud-est des dunes, \u00e0 proximit\u00e9 de l\u2019industrie du charbon et de mines de cuivre o\u00f9 la plupart des gens \u00e0 Merzouga&nbsp;utilis\u00e9 pour tirent leurs moyens d\u2019existence.<\/p>\n<p>Puis, apr\u00e8s un autre arret dans&nbsp;&nbsp;village Merdane nous continuons de rencontrer les familles berb\u00e8re avant de retourner \u00e0&nbsp;Merzouga&nbsp;pour le check-in \u00e0 votre h\u00f4tel.<\/p>\n<p>Dans l\u2019apr\u00e8s-midi, vous ferez monter vos chameaux pour traverser les dunes et d\u00e9couvrez l\u2019un des secrets de la \u2018SEA de sable\u201d. Notre arr\u00eat sera dans une vierge oasis. Appr\u00e9ciez le silence du d\u00e9sert, appr\u00e9cier la beaut\u00e9 naturelle qui vous entourent et regarder le coucher de soleil majestueux.<\/p>\n<p>Passer la soir\u00e9e sous un auvent d\u2019\u00e9toiles, avec une intensit\u00e9 scintillantes vous n\u2019ont peut-\u00eatre jamais vu auparavant. Dormir dans les tentes,&nbsp;jaimas traditionnelle berb\u00e8re.<\/p>\n<h4><span style=\"color: #ff6600;\"><strong>Jour 4:&nbsp;Merzouga&nbsp;\u2013&nbsp;Rissani&nbsp;\u2013&nbsp;&nbsp;Vall\u00e9e de Ziz \u2013 F\u00e8s<\/strong><\/span><\/h4>\n<p>Apr\u00e8s le petit-d\u00e9jeuner dans le d\u00e9sert, nous partirons \u00e0&nbsp;Rissani,&nbsp;o\u00f9 nous visiterons le berb\u00e8re traditionnel&nbsp;&nbsp;et des ruines de la Kasbah souq de&nbsp;Sijilmassa&nbsp;laissant&nbsp;Rissani&nbsp;nous voyagerons \u00e0 travers la&nbsp;&nbsp;vall\u00e9e de Ziz et&nbsp;Errachidia. Nous nous arr\u00eaterons en route pour le d\u00e9jeuner avant d\u2019atteindre Azrou&nbsp;o\u00f9 il y a une for\u00eat de c\u00e8dres, qui abrite une troupe de Barbary singes.<\/p>\n<p>Notre prochain arr\u00eat sera \u00e0&nbsp;IFM, un petit village au sud-est des dunes, \u00e0 proximit\u00e9 de l\u2019industrie du charbon et de mines de cuivre o\u00f9 la plupart des gens \u00e0 Merzouga&nbsp;utilis\u00e9 pour tirent leurs moyens d\u2019existence.<\/p>\n","protected":false},"excerpt":{"rendered":"<p>Jour 1 : Marrakech \u2013&nbsp;A\u00eft&nbsp;Ben&nbsp;Haddou&nbsp;\u2013&nbsp;Ouarzazate&nbsp;\u2013&nbsp;&nbsp;Gorges du Dad\u00e8s Apr\u00e8s avoir quitt\u00e9 la ville de Marrakech derri\u00e8re, nous nous dirigeons vers le sud \u00e0 travers le&nbsp;col de Tizi<span class=\"excerpt-hellip\"> [\u2026]<\/span><\/p>\n","protected":false},"author":1,"featured_media":0,"parent":0,"menu_order":0,"comment_status":"closed","ping_status":"closed","template":"","meta":{"ngg_post_thumbnail":0,"footnotes":""},"class_list":["post-488","page","type-page","status-publish","hentry"],"_links":{"self":[{"href":"http:\/\/menaramoroccotours.com\/fr\/wp-json\/wp\/v2\/pages\/488","targetHints":{"allow":["GET"]}}],"collection":[{"href":"http:\/\/menaramoroccotours.com\/fr\/wp-json\/wp\/v2\/pages"}],"about":[{"href":"http:\/\/menaramoroccotours.com\/fr\/wp-json\/wp\/v2\/types\/page"}],"author":[{"embeddable":true,"href":"http:\/\/menaramoroccotours.com\/fr\/wp-json\/wp\/v2\/users\/1"}],"replies":[{"embeddable":true,"href":"http:\/\/menaramoroccotours.com\/fr\/wp-json\/wp\/v2\/comments?post=488"}],"version-history":[{"count":4,"href":"http:\/\/menaramoroccotours.com\/fr\/wp-json\/wp\/v2\/pages\/488\/revisions"}],"predecessor-version":[{"id":751,"href":"http:\/\/menaramoroccotours.com\/fr\/wp-json\/wp\/v2\/pages\/488\/revisions\/751"}],"wp:attachment":[{"href":"http:\/\/menaramoroccotours.com\/fr\/wp-json\/wp\/v2\/media?parent=488"}],"curies":[{"name":"wp","href":"https:\/\/api.w.org\/{rel}","templated":true}]}}