{"id":481,"date":"2017-10-21T16:20:16","date_gmt":"2017-10-21T16:20:16","guid":{"rendered":"https:\/\/africadeserttravel.com\/?page_id=481"},"modified":"2017-10-27T12:10:58","modified_gmt":"2017-10-27T12:10:58","slug":"3-jours-a-fes-marrakech-desert-merzouga","status":"publish","type":"page","link":"http:\/\/menaramoroccotours.com\/fr\/3-jours-a-fes-marrakech-desert-merzouga\/","title":{"rendered":"3 Jours \u00e0 F\u00e8s Marrakech D\u00e9sert\u00a0Merzouga"},"content":{"rendered":"<h4><span style=\"color: #ff6600;\"><strong>Jour 1 : Fes \u00e0&nbsp;Merzouga&nbsp;via&nbsp;Ifrane Midelt&nbsp;et atlas<\/strong><\/span><\/h4>\n<p>Le d\u00e9part du&nbsp;Riad\/h\u00f4tel sera \u00e0 8 Am. Le voyage de l\u2019Erg Chebbi&nbsp;dunes durera 8 heures dans lequel nous allons voir les montagnes de l\u2019Atlas et certains villages (Tafilalet,Erfoud&nbsp;et&nbsp;Rissani). Nous nous arr\u00eaterons dans certaines villes comme Ifrane&nbsp;et&nbsp;Azrou&nbsp;pour profiter de la vue sur le bois de c\u00e8dre et des singes qui y vivent. Le d\u00e9jeuner sera servi \u00e0&nbsp;Midelt&nbsp;, puis nous irons de l\u2019avant \u00e0 travers la&nbsp;&nbsp;vall\u00e9e de Ziz avec une belle vue sur les palmiers jusqu\u2019\u00e0 ce que nous arrivons \u00e0 l\u2019Erg&nbsp;Chebbi&nbsp;o\u00f9 nous ferons camel&nbsp;rack Treck&nbsp;pour atteindre le d\u00e9sert camp pour passer la nuit dans une tente berb\u00e8re.<\/p>\n<h4><span style=\"color: #ff6600;\"><strong>Jour 2:&nbsp;Merzouga&nbsp;pour&nbsp;Dades&nbsp;Todgha&nbsp;gorges et gr\u00e2ce \u00e0&nbsp;Tinghir<\/strong><\/span><\/h4>\n<p>Apr\u00e8s le petit-d\u00e9jeuner,&nbsp;nous&nbsp;quitterons le d\u00e9sert du Sahara de l\u2019Erg&nbsp;Chebbi, un lecteur hors route au cours de la Hamada&nbsp;(d\u00e9sert noir) pour obtenir au Sahara ville de&nbsp;Rissani. Par la suite, nous nous dirigeons au nord vers Erfoud&nbsp;qui est connue pour les fossiles; ici nous pouvons arr\u00eater de visiter un atelier de fossiles avant que nous proc\u00e9dions \u00e0 l\u2019\u00e9tonnante&nbsp;Todra&nbsp;vall\u00e9e, connue pour l\u2019escalade de rocher, o\u00f9 vous pouvez trek avant nous conduisons \u00e0&nbsp;&nbsp;gorges du Dad\u00e8s pour l\u2019h\u00f4tel, d\u00eener et nuit.<\/p>\n<h4><span style=\"color: #ff6600;\"><strong>Jour 3 : Marrakech via&nbsp;Ouarzazate,&nbsp;la Kasbah Ait Benhaddou<\/strong><\/span><\/h4>\n<p>Apr\u00e8s votre petit-d\u00e9jeuner \u00e0 l\u2019&nbsp;h\u00f4tel,nous&nbsp;allons commencer la journ\u00e9e la plus r\u00e9cente dans nos &nbsp;througth conduite&nbsp; les mille&nbsp;kasbah&nbsp;road, les roses&nbsp;vally, une visite de Skoura oisis&nbsp;avec ses cr\u00e9dible 17 si\u00e8cle de la&nbsp;kasbah, une visite \u00e0 l\u2019Ait&nbsp;Ben&nbsp;Haddou Kasbah&nbsp;Ait Benhaddou (&nbsp;est le site du patrimoine mondial qui a \u00e9t\u00e9 utilis\u00e9 comme param\u00e8tre pour plus de 20 films incorporant des \u201cGladiator\u201d \u201d Indiana Jones \u201d et \u201d Lawrence d\u2019Arabie \u201c.), de l\u2019apr\u00e8s-midi, \u00e0 4&nbsp;heures de&nbsp;route via&nbsp;tizi ntichka&nbsp;pass avec des haltes, arrivent \u00e0 Marrakech \u00e0 6:00 pm.<\/p>\n","protected":false},"excerpt":{"rendered":"<p>Jour 1 : Fes \u00e0&nbsp;Merzouga&nbsp;via&nbsp;Ifrane Midelt&nbsp;et atlas Le d\u00e9part du&nbsp;Riad\/h\u00f4tel sera \u00e0 8 Am. Le voyage de l\u2019Erg Chebbi&nbsp;dunes durera 8 heures dans lequel nous allons<span class=\"excerpt-hellip\"> [\u2026]<\/span><\/p>\n","protected":false},"author":1,"featured_media":0,"parent":0,"menu_order":0,"comment_status":"closed","ping_status":"closed","template":"","meta":{"ngg_post_thumbnail":0,"footnotes":""},"class_list":["post-481","page","type-page","status-publish","hentry"],"_links":{"self":[{"href":"http:\/\/menaramoroccotours.com\/fr\/wp-json\/wp\/v2\/pages\/481","targetHints":{"allow":["GET"]}}],"collection":[{"href":"http:\/\/menaramoroccotours.com\/fr\/wp-json\/wp\/v2\/pages"}],"about":[{"href":"http:\/\/menaramoroccotours.com\/fr\/wp-json\/wp\/v2\/types\/page"}],"author":[{"embeddable":true,"href":"http:\/\/menaramoroccotours.com\/fr\/wp-json\/wp\/v2\/users\/1"}],"replies":[{"embeddable":true,"href":"http:\/\/menaramoroccotours.com\/fr\/wp-json\/wp\/v2\/comments?post=481"}],"version-history":[{"count":3,"href":"http:\/\/menaramoroccotours.com\/fr\/wp-json\/wp\/v2\/pages\/481\/revisions"}],"predecessor-version":[{"id":745,"href":"http:\/\/menaramoroccotours.com\/fr\/wp-json\/wp\/v2\/pages\/481\/revisions\/745"}],"wp:attachment":[{"href":"http:\/\/menaramoroccotours.com\/fr\/wp-json\/wp\/v2\/media?parent=481"}],"curies":[{"name":"wp","href":"https:\/\/api.w.org\/{rel}","templated":true}]}}