{"id":425,"date":"2017-10-16T15:48:26","date_gmt":"2017-10-16T15:48:26","guid":{"rendered":"https:\/\/africadeserttravel.com\/?page_id=425"},"modified":"2017-10-27T12:08:57","modified_gmt":"2017-10-27T12:08:57","slug":"excursions-chameau","status":"publish","type":"page","link":"http:\/\/menaramoroccotours.com\/fr\/excursions-chameau\/","title":{"rendered":"Excursions Chameau"},"content":{"rendered":"<h4><span style=\"color: #ff6600;\"><strong>1 nuit dans le d\u00e9sert \u00e0 dos de chameau<\/strong><\/span><\/h4>\n<p>Ce voyage commence dans la soir\u00e9e, nous organisons la balade \u00e0 dos de chameau pour la nuit dans le d\u00e9sert, Une heure par camel pour obtenir le camp confortable au milieu du d\u00e9sert, Les chameaux seront emball\u00e9s avec des aliments, des couvertures et tout ce dont Vous aurez besoin, La randonn\u00e9e va commencer dans le d\u00e9sert en 15h30. Nous passerons la nuit dans le campement entre les dunes de sable de l&rsquo;Erg Chebbi,<br \/>\nC&rsquo;est une excellente occasion de prendre de belles photos du coucher du soleil et du lever du soleil, quand nous arrivons au camp, nous nous dirigeons vers les hautes dunes de l&rsquo;erg Chebbi pour voir le coucher du soleil, Ce sera une nuit magique quand le ciel sera d\u00e9gag\u00e9 et les \u00e9toiles \u00e9tincelle et brille avec intensit\u00e9, dans la nuit il y aura un merveilleux d\u00eener Avec le silence du d\u00e9sert, nous passerons la nuit dans des tentes nomades, Le matin, vous marcherez jusqu&rsquo;aux dunes pour regarder le lever du soleil, apr\u00e8s que vous reveniez les tentes pour prendre le petit d\u00e9jeuner, plus tard, nous monterons les chameaux \u00e0 l&rsquo;h\u00f4tel pour prendre une douche et se d\u00e9tendre!<\/p>\n<p><strong>Comprend<\/strong><\/p>\n<ul>\n<li>Une chambre \u00e0 l&rsquo;h\u00f4tel &#8211; Parking pour votre voiture (si vous avez<\/li>\n<li>Tentes nomades (Camp du d\u00e9sert)<\/li>\n<li>D\u00eener et petit-d\u00e9jeuner<\/li>\n<li>Chameau chacun<\/li>\n<li>Eau en bouteille<\/li>\n<\/ul>\n<h4 style=\"text-align: center;\"><span style=\"color: #ff6600;\"><strong>1 nuit et demi par camel<\/strong><\/span><\/h4>\n<p>Vous commencerez \u00e0 10h00 le matin apr\u00e8s une heure et demie \u00e0 dos de chameau. Vous visiterez un tr\u00e8s vieux village derri\u00e8re les dunes de l&rsquo;Erg Chebbi o\u00f9 une famille vit seule. Vous pouvez voir comment vivent les premiers habitants du d\u00e9sert, tentes. Nous pouvons visiter les maisons berb\u00e8res, voir comment ils vivent, les regarder pr\u00e9parer du pain fait maison et couscous ou Tajines, Eath ensemble avec eux et boire du th\u00e9 berb\u00e8re, puis nous allons au camp au milieu des dunes de sable pour regarder la coucher de soleil et d\u00eener savoureux, Apr\u00e8s le sommeil ou vous pouvez marcher dans les dunes \u00e0 la lumi\u00e8re des \u00e9toiles si vous \u00eates int\u00e9ress\u00e9 par les \u00e9toiles, Le lendemain matin apr\u00e8s le lever du soleil. Vous prendrez le petit-d\u00e9jeuner au m\u00eame endroit, puis nous reviendrons \u00e0 l&rsquo;h\u00f4tel pour prendre une douche et vous d\u00e9tendre!<\/p>\n<p><strong>Comprend<\/strong><\/p>\n<ul>\n<li>Une chambre \u00e0 l&rsquo;h\u00f4tel. -Parking pour votre voiture (si vous avez)<\/li>\n<li>Tente nomade (camp du d\u00e9sert)<\/li>\n<li>D\u00e9jeuner, D\u00eener, Petit-d\u00e9jeuner<\/li>\n<li>Camel chacun \/ Guide<\/li>\n<li>Eau, th\u00e9<\/li>\n<\/ul>\n<h4><span style=\"color: #ff6600;\"><strong>2 nuits dans le d\u00e9sert par camel<\/strong><\/span><\/h4>\n<p>Les chameaux seront remplis d&rsquo;aliments, de couvertures et de tout ce dont nous aurons besoin. Le trek d\u00e9butera dans le d\u00e9sert en 15h30. Nous passerons la nuit dans un camp d&rsquo;oasis berb\u00e8re entre hautes dunes de sable orange,<br \/>\nCe sera une excellente occasion de prendre de belles photos du coucher du soleil et du lever de soleil, apr\u00e8s deux heures et demie de chevauch\u00e9e des chameaux, nous arrivons au camp d&rsquo;oasis nous nous prom\u00e8nerons vers les hautes dunes de l&rsquo;erg chebbi pour voir le coucher de soleil, nuit magique lorsque le ciel est d\u00e9gag\u00e9 et que les \u00e9toiles brillent et brillent d&rsquo;intensit\u00e9. Pendant la premi\u00e8re nuit, il y aura un merveilleux d\u00eener avec le silence du d\u00e9sert, nous passerons la nuit dans des tentes oasis, Le lendemain Le matin apr\u00e8s le petit d\u00e9jeuner dans l&rsquo;oasis nous irons \u00e0 dos de chameaux pour d\u00e9jeuner et d\u00e9jeuner avec les peuples nomades, apr\u00e8s nous reposer et d\u00e9jeuner avec les peuples nomades, Nous retournerons au campement au sommet des dunes faire un ski de fond apr\u00e8s avoir vu le lever du soleil et revenir aux tentes pour prendre un th\u00e9, d\u00eener, dormir, le lendemain matin apr\u00e8s le petit d\u00e9jeuner nous irons \u00e0 dos de chameau \u00e0 l&rsquo;h\u00f4tel pour prendre une douche et nous relaxer!<\/p>\n<p><strong>Comprend<\/strong><\/p>\n<ul>\n<li>Une chambre \u00e0 l&rsquo;h\u00f4tel. &#8211; Parking pour votre voiture (si vous en avez)<\/li>\n<li>Une nuit en camp d&rsquo;oasis \/ 1 nuit en camp de d\u00e9sert.<\/li>\n<li>Deux d\u00eeners + deux d\u00e9jeuners + deux d\u00e9jeuners<\/li>\n<li>Camel chacun \/ guide<\/li>\n<li>L&rsquo;eau<\/li>\n<\/ul>\n<h4 style=\"text-align: center;\"><span style=\"color: #ff6600;\"><strong>2 nuits et journ\u00e9e compl\u00e8te par chameau<\/strong><\/span><\/h4>\n<p>Ce voyage commence dans la soir\u00e9e, une heure par le chameau pour obtenir le camp au milieu du d\u00e9sert, Les chameaux seront emball\u00e9s avec des nourritures, des couvertures et tout ce dont vous aurez besoin, Le trek commencera dans le d\u00e9sert en 15: 30min, Nous passera la nuit dans le camp du d\u00e9sert.<\/p>\n<p>C&rsquo;est une excellente occasion de prendre de belles photos du coucher du soleil et du lever du soleil, quand nous arrivons \u00e0 l&rsquo;oasis nous marchons vers les hautes dunes de l&rsquo;erg Chebbi pour voir le coucher du soleil, Ce sera une nuit magique quand le ciel sera d\u00e9gag\u00e9 et les \u00e9toiles \u00e9tincelle et brille avec intensit\u00e9, dans la nuit il y aura un merveilleux d\u00eener Avec le silence du d\u00e9sert, nous passerons la nuit dans des tentes nomades, Le matin, vous marcherez jusqu&rsquo;aux dunes pour regarder le lever du soleil, apr\u00e8s que vous reveniez les tentes pour prendre le petit-d\u00e9jeuner. Plus tard, nous irons \u00e0 dos de chameaux dans le d\u00e9sert noir pour visiter une famille nomade et d\u00e9jeuner avec des berb\u00e8res, apr\u00e8s le d\u00e9jeuner et prendre quelques photos pour \u00e9couter la vie nomade. c&rsquo;\u00e9tait la fa\u00e7on de rallye paris dakar, Apr\u00e8s deux heures nous arriverons \u00e0 un autre camp de la vie nomade, Pour y passer la nuit, Apr\u00e8s d\u00eener sous les \u00e9toiles et le silence vous dormirez dormir nomade, Le lendemain matin vous prendrez une belle photos et puis le breakfa St, Plus tard nous traverserons les dunes de l&rsquo;Erg Chebbi puis vous vous regarderez entre les dunes de sable seulement vous et le ciel avec des dunes d&rsquo;orange, Apr\u00e8s deux heures de chevauch\u00e9e nous arriverons et un arr\u00eat pour le d\u00e9jeuner de salade berb\u00e8re dans l&rsquo;ombre de sahara, Apr\u00e8s un petit repos nous revenons \u00e0 la maison d&rsquo;h\u00f4tes en traversant toujours les dunes de l&rsquo;erg chebbi, En une heure et demie nous serons \u00e0 l&rsquo;h\u00f4tel l&rsquo;apr\u00e8s-midi pour prendre une douche et nous relaxer!<\/p>\n<p><strong>Comprend<\/strong><\/p>\n<ul>\n<li>Une chambre \u00e0 l&rsquo;h\u00f4tel. &#8211; Parking pour votre voiture (si vous en avez.<\/li>\n<li>Tentes nomades + oasis du d\u00e9sert.<\/li>\n<li>2 d\u00eeners + 2 d\u00e9jeuners + 3 d\u00e9jeuners.<\/li>\n<li>Camel chacun (Camel ride pour deux nuits et une journ\u00e9e compl\u00e8te.<\/li>\n<li>Eau en bouteille de deux nuits et une journ\u00e9e compl\u00e8te.<\/li>\n<\/ul>\n<h4 style=\"text-align: center;\"><span style=\"color: #ff6600;\"><strong>3 nuits et journ\u00e9e compl\u00e8te: par des chameaux et des randonn\u00e9es \u00e0 pied. Erg chebbi, Erg znaigue.<\/strong><\/span><\/h4>\n<p>Trois nuits diff\u00e9rentes des autres, Un d\u00e9sert diff\u00e9rent de l&rsquo;Erg Chebbi appel\u00e9 Erg Znaigue!<\/p>\n<p>1 Nuit et journ\u00e9e compl\u00e8te dans le vieux village derri\u00e8re le d\u00e9sert de l&rsquo;Erg Chebbi, M\u00e9lange avec les montagnes du d\u00e9sert 2 Nuits et 3 jours dans le d\u00e9sert de l&rsquo;erg znaigue \u00e0 dos de chameau, Explorez-les en une fois dans le d\u00e9sert marocain.<\/p>\n<p><strong>Jour 1: vieux village plus Erg d\u00e9sert du Chebbi.<\/strong><\/p>\n<p>Apr\u00e8s le petit-d\u00e9jeuner, nous commencerons le voyage \u00e0 09:00 directement dans le d\u00e9sert par des chameaux, \u00e0 explorer pour monter un chameau dans les dunes de sable, une heure et demie pour obtenir le vieux village derri\u00e8re le d\u00e9sert erg chebbi, nous d\u00e9jeunerons avec beduin personne dans sa maison, Tentes et vieilles maisons, C&rsquo;est le grand moment de vivre une vie de d\u00e9sert quand vous vivrez dans un monde magique \u00e0 Youssef place, Le d\u00e9jeuner sera avec la pizza berb\u00e8re et vous aurez l&rsquo;occasion de regarder comment le vrai habitant de le d\u00e9sert a pr\u00e9par\u00e9 le pain, l&rsquo;endroit est un tr\u00e9sor du vieux patrimoine berb\u00e8re! Apr\u00e8s le d\u00e9jeuner et la d\u00e9tente nous irons faire du trekking, visiter les montagnes du d\u00e9sert et les soldats marocains placer ce que c&rsquo;\u00e9tait pour les soldats fran\u00e7ais en temps de guerre, vous pouvez prendre des photos historiques de cet endroit, plus tard nous reviendrons \u00e0 Youssef endroit pour passer la nuit, Le coucher de soleil sera sur le chemin, D\u00eener sera avec salade du d\u00e9sert avec un ciel plein d&rsquo;\u00e9toiles,<br \/>\nApr\u00e8s le d\u00eener, nous vous raconterons une histoire de d\u00e9sert, Aussi de Youssef le propri\u00e9taire du lieu patrimonial, et quelques \u00e9nigmes de d\u00e9sert que ce sera dr\u00f4le de temps \ud83d\ude42 vous dormirez sous tente priv\u00e9e en tant que peuple nomade dans leur ancienne vie.<\/p>\n<p><strong>Jour 2: vieux village plus d\u00e9sert noir plus Erg znaigue.<\/strong><\/p>\n<p>Vous vous r\u00e9veillerez pour regarder le lever du soleil en montagne avec la fronti\u00e8re alg\u00e9rienne, Dans l&rsquo;endroit o\u00f9 vous pouvez prendre les photos de la porte de votre tente, Quand vous serez pr\u00eat apr\u00e8s le petit d\u00e9jeuner nous pouvons monter les chameaux ou marcher, Tout droit \u00e0 Erg znaigue via le d\u00e9sert noir pendant trois heures, notre journ\u00e9e sera m\u00e9lang\u00e9e entre des dunes de sable et des montagnes et des pierres du d\u00e9sert, le d\u00e9jeuner sera une salade berb\u00e8re \u00e0 l&rsquo;ombre des arbres, nous pourrons y relaxer pendant une heure pour \u00e9couter le d\u00e9sert selince, continueront vers Erg znaigue, Vous marcherez jusqu&rsquo;aux dunes de sable pour regarder le soleil se coucher, Vous dormirez dans des tentes \u00e9quip\u00e9es d&rsquo;un petit restaurant o\u00f9 vous aurez vos d\u00eeners, Ou manger avec des \u00e9toiles \u00e0 c\u00f4t\u00e9 du b\u00e2timent, Aussi vous pouvez prendre une douche au m\u00eame endroit sur les tentes pour quelques m\u00e8tres.<\/p>\n<p><strong>Jour 3: Tour de l&rsquo;Erg znaigue \u00e0 dos de chameaux et trekking \u00e0 pied.<\/strong><\/p>\n<p>Apr\u00e8s le petit d\u00e9jeuner, nous monterons \u00e0 dos de chameaux pour un agr\u00e9able tour du d\u00e9sert de l&rsquo;erg znaigue, un d\u00e9sert propre et calme, notre journ\u00e9e sera entre les dunes de sable et les montagnes, nous verrons la vie nomade sur notre chemin vers le lieu de d\u00e9jeuner, notre d\u00e9jeuner sera \u00e0 l&rsquo;ombre des arbres avec salade campagnarde, apr\u00e8s une belle halte nous marcherons ou monterons les chameaux revenir au bivouac erg znaigue pour passer la nuit, vous marcherez jusqu&rsquo;aux dunes pour regarder le coucher de soleil, vous reviendrez trouver le th\u00e9 qui vous attend sous milion \u00e9toiles sur les tentes, d\u00eener et dormir pour le lendemain matin,<br \/>\nApr\u00e8s le petit-d\u00e9jeuner, nous irons \u00e0 dos de chameau ou \u00e0 pied, encore une fois vous \u00eates libre de monter \u00e0 dos de chameau ou de marcher, apr\u00e8s deux heures nous arriverons aux Noirs dans le village de Khamlia pour \u00e9couter la musique africaine, danser avec village africain,<\/p>\n<p>Dans l&rsquo;apr\u00e8s-midi, nous marcherons vers Stright ou monterons les chameaux jusqu&rsquo;\u00e0 l&rsquo;h\u00f4tel, la fin!<\/p>\n<p><strong>Comprend:<\/strong><\/p>\n<ul>\n<li>Une chambre \u00e0 l&rsquo;h\u00f4tel.<\/li>\n<li>Parking pour votre voiture (si vous avez)<\/li>\n<li>D\u00e9jeuners.<\/li>\n<li>Camel chaque \/ Guide.<\/li>\n<li>Eau, th\u00e9.<\/li>\n<\/ul>\n<h4 style=\"text-align: center;\"><span style=\"color: #ff6600;\"><strong>Journ\u00e9e compl\u00e8te dans le d\u00e9sert par le chameau<\/strong><\/span><\/h4>\n<p>Le voyage commencera aux dunes \u00e0 10h00, Vous monterez sur le chameau pendant une heure et demie en explorant le d\u00e9sert de l&rsquo;erg Chebbi, Plus tard vous arriverez \u00e0 un vieux village behand merzouga d\u00e9sert, o\u00f9 vivent deux familles, pour d\u00e9jeuner de berb\u00e8re avec du th\u00e9, apr\u00e8s vous d\u00e9tendre, vous profiterez de votre temps dans ce petit paradis du d\u00e9sert, les chameaux ils seront pr\u00eats \u00e0 revenir \u00e0 l&rsquo;h\u00f4tel, le coucher de soleil dans les dunes pr\u00e8s de notre village,<\/p>\n<p><strong>Comprend<\/strong><\/p>\n<ul>\n<li>Une chambre dans l&rsquo;h\u00f4tel. -Parking pour votre voiture (si vous avez)<\/li>\n<li>D\u00e9jeuner, Pizza berb\u00e8re<\/li>\n<li>Camel chacun \/ Guide,<\/li>\n<li>Eau, th\u00e9<\/li>\n<\/ul>\n<h4 style=\"text-align: center;\"><span style=\"color: #ff6600;\"><strong>Sunrise ou Sunsite par Camel<\/strong><\/span><\/h4>\n<p>Montez dans le d\u00e9sert \u00e0 dos de chameau environ 1 heure pour profiter de l&rsquo;incroyable lever ou coucher de soleil.<\/p>\n<p><strong>Comprend<\/strong><\/p>\n<ul>\n<li>Parking pour votre voiture (si vous avez)<\/li>\n<li>Douche + Chambre + Th\u00e9 + Eau<\/li>\n<li>Chameau chacun + Guide<\/li>\n<\/ul>\n","protected":false},"excerpt":{"rendered":"<p>1 nuit dans le d\u00e9sert \u00e0 dos de chameau Ce voyage commence dans la soir\u00e9e, nous organisons la balade \u00e0 dos de chameau pour la nuit<span class=\"excerpt-hellip\"> [\u2026]<\/span><\/p>\n","protected":false},"author":1,"featured_media":0,"parent":0,"menu_order":0,"comment_status":"closed","ping_status":"closed","template":"","meta":{"ngg_post_thumbnail":0,"footnotes":""},"class_list":["post-425","page","type-page","status-publish","hentry"],"_links":{"self":[{"href":"http:\/\/menaramoroccotours.com\/fr\/wp-json\/wp\/v2\/pages\/425","targetHints":{"allow":["GET"]}}],"collection":[{"href":"http:\/\/menaramoroccotours.com\/fr\/wp-json\/wp\/v2\/pages"}],"about":[{"href":"http:\/\/menaramoroccotours.com\/fr\/wp-json\/wp\/v2\/types\/page"}],"author":[{"embeddable":true,"href":"http:\/\/menaramoroccotours.com\/fr\/wp-json\/wp\/v2\/users\/1"}],"replies":[{"embeddable":true,"href":"http:\/\/menaramoroccotours.com\/fr\/wp-json\/wp\/v2\/comments?post=425"}],"version-history":[{"count":4,"href":"http:\/\/menaramoroccotours.com\/fr\/wp-json\/wp\/v2\/pages\/425\/revisions"}],"predecessor-version":[{"id":830,"href":"http:\/\/menaramoroccotours.com\/fr\/wp-json\/wp\/v2\/pages\/425\/revisions\/830"}],"wp:attachment":[{"href":"http:\/\/menaramoroccotours.com\/fr\/wp-json\/wp\/v2\/media?parent=425"}],"curies":[{"name":"wp","href":"https:\/\/api.w.org\/{rel}","templated":true}]}}