{"id":595,"date":"2017-10-22T14:54:02","date_gmt":"2017-10-22T14:54:02","guid":{"rendered":"https:\/\/africadeserttravel.com\/?page_id=595"},"modified":"2017-10-27T12:37:32","modified_gmt":"2017-10-27T12:37:32","slug":"9-dias-desde-casablanca-fes-marrakech","status":"publish","type":"page","link":"http:\/\/menaramoroccotours.com\/es\/9-dias-desde-casablanca-fes-marrakech\/","title":{"rendered":"9 D\u00edas desde Casablanca Fes Marrakech"},"content":{"rendered":"<h4><span style=\"color: #ff6600;\"><strong>D\u00eda 1: Casablanca<\/strong><\/span><\/h4>\n<p>Llegada a Aeropuerto de Casablanca. Su gu\u00eda local se reunir\u00e1 con usted acompa\u00f1ar\u00e1 a su hotel (dependiendo de la hora de llegada).&nbsp;Cena y pasar la noche.<\/p>\n<h4><span style=\"color: #ff6600;\"><strong>D\u00eda 2: Casablanca&nbsp;Rabat<\/strong><\/span><\/h4>\n<p>Hoy despu\u00e9s del desayuno en el hotel, usted tendr\u00e1 una breve excursi\u00f3n por la ciudad de Casablanca, la ciudad m\u00e1s grande de Marruecos, y es el coraz\u00f3n del comercio y la industria, se har\u00e1 una visita mezquita de Hassan II construidas sobre el agua junto con el Oc\u00e9ano Atl\u00e1ntico. M\u00e1s tarde, usted partir\u00e1 a Rabat. Parada para almorzar y luego tener un recorrido tur\u00edstico por la capital administrativa de Marruecos. Usted visitar\u00e1 el Palacio Real, el Mausoleo de Mohamed V y la Torre Hassan, el alminar de mezquita incompleta iniciada por el&nbsp;&nbsp;gobernante almohade,&nbsp;Yaacoub&nbsp;al-Mansour. Tambi\u00e9n puede visitar La Kasbah des&nbsp;Oudaias, casas blancas pintadas de azul con parapetos situado cerca de la costa Atl\u00e1ntica. Cena y noche en el hotel.<\/p>\n<h4><span style=\"color: #ff6600;\"><strong>D\u00eda 3:&nbsp;Rabat Meknes&nbsp; Fes<\/strong><\/span><\/h4>\n<p>Hoy despu\u00e9s del desayuno en el hotel, nos dirigiremos a Meknes, a continuaci\u00f3n, a la cercana ciudad Fes. Meknes es la tercera ciudad Imperial de Marruecos, con su famosa puerta, es conocido como \u201cEl Versalles de Marruecos. Usted explorar\u00e1 Bab El Mansour, una de las m\u00e1s bellas puertas de enlace. Siga con la excursi\u00f3n visitando el Mausoleo de&nbsp;Moulay&nbsp;Ismail. Usted tendr\u00e1 tiempo para almorzar y luego visitar la antigua y nueva Medina. M\u00e1s adelante, visitar el pueblo de&nbsp;Moulay Idriss Zerhoun&nbsp;, lugar de peregrinaci\u00f3n para los marroqu\u00edes. Despu\u00e9s descubrir\u00e1 las antiguas ruinas romanas de&nbsp;Volubulis. Por \u00faltimo a Fes.Disfrute de&nbsp;la cena tradicional Marroqu\u00ed .pasar la noche en un&nbsp;&nbsp;Hotel o Riad.<\/p>\n<h4><span style=\"color: #ff6600;\"><strong>D\u00eda 4: Fes<\/strong><\/span><\/h4>\n<p>Hoy despu\u00e9s del desayuno, usted tendr\u00e1 una visita guiada para explorar la ciudad real de&nbsp;Fez. La ma\u00f1ana se dedic\u00f3 a la visita la Medina medieval (ciudad vieja) con sus murallas y calles estrechas que fue declarado como Patrimonio Mundial por la UNESCO en 1981. Usted ver\u00e1 el Siglo 16 Merinid&nbsp;Tumbas Ruinas. Usted visitar\u00e1 el&nbsp;Bouanania&nbsp;y el&nbsp;Attarine Medersas&nbsp;construido en el siglo 14 por los&nbsp;Merinides, la&nbsp;Mezquita Karaouine (el antiguo centro de ense\u00f1anza&nbsp;&nbsp;de cultura isl\u00e1mica), y el&nbsp;El Museo Nejjarine&nbsp;fuente de m\u00e1rmol. Usted tendr\u00e1 una pausa para el almuerzo en un t\u00edpico restaurante marroqu\u00ed. En su visita, usted podr\u00e1 ver el decorado puerta de Bab Boujeloud&nbsp;, medieval las curtiembres, el Palacio Real .a continuaci\u00f3n, visita de los zocos (mercados locales), donde los comerciantes y los artesanos venden sus joyas artesanales, art\u00edculos de cuero, n\u00e1car y la alfarer\u00eda. Cena y alojamiento en un hotel.<\/p>\n<h4><span style=\"color: #ff6600;\"><strong>D\u00eda 5:&nbsp;Fes &nbsp;Ifran Azrou Beni Mellal Cascadas de Ouzoud&nbsp;Cascadas Marrakech.<\/strong><\/span><\/h4>\n<p>Despu\u00e9s del desayuno en el hotel, salida hacia Marrakech (la perla del sur) a trav\u00e9s del Medio&nbsp;Atlasvia Ifran, Azrou&nbsp;y Beni&nbsp;Mellal.&nbsp;En&nbsp;Ifran&nbsp;conocida como \u201cla Suiza marroqu\u00ed\u201d, usted podr\u00e1 ver la piedra le\u00f3n antes de continuar nuestro objetivo de&nbsp;Azrou. M\u00e1s tarde, usted tendr\u00e1 la oportunidad de ver el \u00e1rbol viejo (800 a\u00f1os, llamado Cedre Gouraud) y que cumplan con los monos en bosque de cedros. Desde aqu\u00ed cruzamos Azrou, un Bereber ciudad conocida por sus verdes techos de tejas. Vamos a llegar a Beni Mellal&nbsp;donde podr\u00e1 disfrutar de su comida. Continuaci\u00f3n nuestra unidad, usted puede visitar las impresionantes&nbsp;cascadas de Ouzoud&nbsp;Cascadas antes de llegar a Marrakech donde podr\u00e1 disfrutar de su cena y pasar la noche en un&nbsp;&nbsp;hotel o Riad.<\/p>\n<h4><span style=\"color: #ff6600;\"><strong>D\u00eda 6: Marrakech<\/strong><\/span><\/h4>\n<p>Hoy puede dedicarse a hacer turismo en Marrakech, la ciudad imperial de los pa\u00edses del Sur. Podr\u00e1 visitar la&nbsp;Mezquita de Koutoubia&nbsp;y admirar su torre, el&nbsp;&nbsp;Jard\u00edn Majorelle, un jard\u00edn bot\u00e1nico, con sus variadas plantas, el siglo 16&nbsp;Tumbas saadianas&nbsp;; todas ellas decoradas en&nbsp;colores&nbsp;azulejos de mosaico, el siglo 19 palacio Bahia oriental con su hermosa arquitectura. Usted tendr\u00e1 un receso para el almuerzo. Por la tarde, usted tendr\u00e1 tiempo para explorar la fascinante zocos y los callejones alrededor de la&nbsp;&nbsp;Plaza Djem\u00e2a El-Fna. Por la noche, se quedar\u00e1 encantado con encantadores de serpientes, cantantes, acr\u00f3batas, bailarines, narradores y narradores de cuentos, pasando de un grupo a otro .Disfrute de su cena y pasar la noche en un hotel o&nbsp;Riad.<\/p>\n<h4><span style=\"color: #ff6600;\"><strong>D\u00eda 7:&nbsp;Marrakech &nbsp;Essaouira<\/strong><\/span><\/h4>\n<p>Esta ma\u00f1ana, despu\u00e9s del desayuno, dejamos Marrakech \u201cla ciudad roja\u201d hacia&nbsp;Essaouira. Usted puede visitar una&nbsp;f\u00e1brica de Arg\u00e1n mujeres y conocer de cerca el proceso de elaboraci\u00f3n&nbsp;&nbsp;del aceite Arg\u00e1n. Usted explorar\u00e1 el puerto de la ciudad tur\u00edstica costera de Essaouira.&nbsp;Disfrute de un almuerzo a base de marisco fresco en la medina. La tarde es a su gusto para una exploraci\u00f3n personal; se puede nadar y relajarse en la playa. Disfrute de su cena y pasar la noche en un&nbsp;hotel o Riad.<\/p>\n<h4><span style=\"color: #ff6600;\"><strong>D\u00eda 8: Essaouira &nbsp;Oualidia Safi&nbsp; El Jadida Casablanca<\/strong><\/span><\/h4>\n<p>Hoy dejaremos&nbsp;&nbsp;Casablanca Essaouira hacia \u201cel centro comercial de&nbsp;&nbsp;Marruecos\u201d a trav\u00e9s de la&nbsp;carretera costera&nbsp;mientras admira las vistas. Pasaremos por Safi luego a&nbsp;Oualida&nbsp;donde podr\u00e1 disfrutar de deliciosos mariscos en este maravilloso lugar. Despu\u00e9s del almuerzo continuaremos a Casablanca pasando por El Jadida (&nbsp;&nbsp;era conocido con&nbsp;Mazag\u00e1n); esta antigua medina fue establecido en 1513 por los portugueses. Llegar a Casablanca a primera hora de la noche, disfrutar de su cena y noche en un hotel.<\/p>\n<h4><span style=\"color: #ff6600;\"><strong>D\u00eda 9: Casablanca<\/strong><\/span><\/h4>\n<p>Despu\u00e9s del desayuno en el hotel y traslado al Aeropuerto seg\u00fan la hora de salida del vuelo.<\/p>\n","protected":false},"excerpt":{"rendered":"<p>D\u00eda 1: Casablanca Llegada a Aeropuerto de Casablanca. Su gu\u00eda local se reunir\u00e1 con usted acompa\u00f1ar\u00e1 a su hotel (dependiendo de la hora de llegada).&nbsp;Cena y<span class=\"excerpt-hellip\"> [\u2026]<\/span><\/p>\n","protected":false},"author":1,"featured_media":0,"parent":0,"menu_order":0,"comment_status":"closed","ping_status":"closed","template":"","meta":{"ngg_post_thumbnail":0,"footnotes":""},"class_list":["post-595","page","type-page","status-publish","hentry"],"_links":{"self":[{"href":"http:\/\/menaramoroccotours.com\/es\/wp-json\/wp\/v2\/pages\/595","targetHints":{"allow":["GET"]}}],"collection":[{"href":"http:\/\/menaramoroccotours.com\/es\/wp-json\/wp\/v2\/pages"}],"about":[{"href":"http:\/\/menaramoroccotours.com\/es\/wp-json\/wp\/v2\/types\/page"}],"author":[{"embeddable":true,"href":"http:\/\/menaramoroccotours.com\/es\/wp-json\/wp\/v2\/users\/1"}],"replies":[{"embeddable":true,"href":"http:\/\/menaramoroccotours.com\/es\/wp-json\/wp\/v2\/comments?post=595"}],"version-history":[{"count":2,"href":"http:\/\/menaramoroccotours.com\/es\/wp-json\/wp\/v2\/pages\/595\/revisions"}],"predecessor-version":[{"id":813,"href":"http:\/\/menaramoroccotours.com\/es\/wp-json\/wp\/v2\/pages\/595\/revisions\/813"}],"wp:attachment":[{"href":"http:\/\/menaramoroccotours.com\/es\/wp-json\/wp\/v2\/media?parent=595"}],"curies":[{"name":"wp","href":"https:\/\/api.w.org\/{rel}","templated":true}]}}