{"id":591,"date":"2017-10-22T14:52:53","date_gmt":"2017-10-22T14:52:53","guid":{"rendered":"https:\/\/africadeserttravel.com\/?page_id=591"},"modified":"2017-10-27T12:37:35","modified_gmt":"2017-10-27T12:37:35","slug":"8-dia-desde-marrakech-agadira-essaouira","status":"publish","type":"page","link":"http:\/\/menaramoroccotours.com\/es\/8-dia-desde-marrakech-agadira-essaouira\/","title":{"rendered":"8 D\u00eda desde Marrakech Agadira Essaouira"},"content":{"rendered":"<h4><span style=\"color: #ff6600;\"><strong>D\u00eda 1: Marrakech<\/strong><\/span><\/h4>\n<p>A su llegada al Aeropuerto Marrakech Menara&nbsp;&nbsp;se encontrar\u00e1 con nuestro personal y a su alojamiento para el check-in. Despu\u00e9s de un corto descanso usted ser\u00e1 llevado en la excursi\u00f3n de la ciudad, incluyendo la visita a los jardines de&nbsp;&nbsp;Majorelle&nbsp;y el famoso&nbsp;Plaza Jemaa el Fna.<\/p>\n<h4><span style=\"color: #ff6600;\"><strong>D\u00eda 2: Marrakech \u2013&nbsp;Asni Ouirgane&nbsp;-Taroudant<\/strong><\/span><\/h4>\n<p>Lo que Marrakech se dirigen hacia&nbsp;Taroudant&nbsp;viajar por el Valle del&nbsp;Oued N\u2019Fis, la cuna de los Almohades&nbsp;(Bereberes del Norte de \u00c1frica el&nbsp;imperio que domin\u00f3&nbsp;Espa\u00f1a musulmana en las \u00faltimas d\u00e9cadas del siglo 12).&nbsp; A continuaci\u00f3n, el camino para subir a 15 km de&nbsp;Tizi&nbsp;\u2018n-Tichka, a 2600 metros&nbsp;sobre el nivel del mar.<\/p>\n<p>Hay una impresionante vista sobre el desierto y una escalera de pendiente hacia&nbsp;Taroudant, una hermosa ciudad fortificada. Conocido como poco Marrakech, Taroudant&nbsp;est\u00e1 rodeado de 7,5 km de murallas construidas en los siglos 16 y 17. Vamos a tomar un tour de la medina (casco antiguo).&nbsp;Cena y pernocte en hotel.<\/p>\n<h4><span style=\"color: #ff6600;\"><strong>D\u00eda 3:&nbsp;Taroudant&nbsp;\u2013&nbsp;Tafraoute<\/strong><\/span><\/h4>\n<p>Despu\u00e9s de un agradable desayuno en su hotel, cruzar una regi\u00f3n de aceite de oliva y&nbsp;arg\u00e1n&nbsp;\u00e1rboles para llegar a del Anti Atlas&nbsp;. Este es el \u00e1rea m\u00e1s importante para el sector de la miner\u00eda del cobre, que durante siglos ha comerciado con el \u00c1frica Subsahariana caravanas. En la ruta usted ver\u00e1 una sucesi\u00f3n de minerales y paisajes del desierto con una espectacular pantalla de almendros en flor en el mes de febrero, que coincide con la almendra Fiesta del \u00c1rbol.<\/p>\n<h4><span style=\"color: #ff6600;\"><strong>D\u00eda 4:&nbsp;Tafraoute&nbsp;\u2013&nbsp;Sidi Ifni&nbsp;\u2013&nbsp;&nbsp;Playa Legzira<\/strong><\/span><\/h4>\n<p>Cruzaremos el pico de&nbsp;Tizi Kerdous&nbsp;(1100 metros)&nbsp;y haremos una parada para ver las extraordinarias vistas del oc\u00e9ano y del Anti Atlas. Descenderemos a alquitr\u00e1n hasta Guelmin&nbsp;una peque\u00f1a ciudad con un pr\u00f3spero mercado de camellos;. A partir de&nbsp;alquitr\u00e1n hasta Guelmin&nbsp;, siga la carretera de la costa hasta llegar a&nbsp;Sidi Ifni&nbsp;donde tendr\u00e1 tiempo libre para visitar el centro hist\u00f3rico&nbsp;&nbsp;o disfrutar de un paseo a lo largo de la hermosa&nbsp;&nbsp;playa Legzira con su famoso rock arch.&nbsp;Cena y noche en&nbsp;Legzira.<\/p>\n<h4><span style=\"color: #ff6600;\"><strong>D\u00eda 5:&nbsp;&nbsp;Playa Legzira,&nbsp;Tiznit&nbsp;, Agadir \u2013&nbsp;Essaouira<\/strong><\/span><\/h4>\n<p>Siguiendo la carretera, viajes a trav\u00e9s de un extenso bosque y llegar a&nbsp;Tiznit&nbsp;la ciudad famosa por su joyer\u00eda de plata&nbsp;, dagas y sables. Haremos una parada en la medina.<\/p>\n<p>Nuestra pr\u00f3xima parada ser\u00e1 en Agadir en la costa Atl\u00e1ntica. Aqu\u00ed nos llegar\u00e1 hasta la cima de la colina Kasbah desde donde hay unas vistas espectaculares del puerto, el puerto y ciudad de Agadir, antes de descender en el mar, donde se puede tomar un paseo por la playa o incluso un chapuz\u00f3n en el mar.<\/p>\n<p>Por la tarde llegaremos a&nbsp;Essaouira y&nbsp;realizar una gira de la muralla y fortificaciones proteger la ciudad.&nbsp;Cena y pernocte en hotel.<\/p>\n<h4><span style=\"color: #ff6600;\"><strong>D\u00eda 6: Explorar&nbsp;Essaouira, anteriormente conocido como Mogador<\/strong><\/span><\/h4>\n<p>Usted tendr\u00e1 un relajante d\u00eda libre para ir de compras o descubrir&nbsp;Essaouira&nbsp;a pie, sum\u00e9rgete en los callejones y callejuelas de la medina o pasear por las murallas y el puerto. Pasar tiempo en la playa o caza de gangas en todo el&nbsp;colorido&nbsp;zoco.&nbsp;Cena y pernocte en hotel.<\/p>\n<h4><span style=\"color: #ff6600;\"><strong>D\u00eda 7:&nbsp;Essaouira&nbsp;\u2013 Marrakech<\/strong><\/span><\/h4>\n<p>Por la ma\u00f1ana, comenzaremos nuestro paseo volver a Marrakech pasando por varias ciudades y pueblos. Vamos a cruzar la planicie de El Haouz&nbsp;, un sorprendente donde es com\u00fan ver a las gr\u00faas y anidaci\u00f3n arg\u00e1n&nbsp;\u00e1rboles verdes que las cabras subir para llegar a la pulpa jugosa. Llegaremos a la Ciudad Roja por la tarde.&nbsp;Cena y pernocte en hotel.<\/p>\n<h4><span style=\"color: #ff6600;\"><strong>D\u00eda 8: Marrakech &amp; Airport<\/strong><\/span><\/h4>\n<p>Despu\u00e9s del desayuno en su hotel, o bien llevar\u00e1 directamente al aeropuerto para su vuelo de regreso o, si el tiempo lo permite, hacer un d\u00eda en&nbsp;Plaza Jemaa&nbsp;el&nbsp;Fna y&nbsp;las Tumbas saadianas.<\/p>\n","protected":false},"excerpt":{"rendered":"<p>D\u00eda 1: Marrakech A su llegada al Aeropuerto Marrakech Menara&nbsp;&nbsp;se encontrar\u00e1 con nuestro personal y a su alojamiento para el check-in. Despu\u00e9s de un corto descanso<span class=\"excerpt-hellip\"> [\u2026]<\/span><\/p>\n","protected":false},"author":1,"featured_media":0,"parent":0,"menu_order":0,"comment_status":"closed","ping_status":"closed","template":"","meta":{"ngg_post_thumbnail":0,"footnotes":""},"class_list":["post-591","page","type-page","status-publish","hentry"],"_links":{"self":[{"href":"http:\/\/menaramoroccotours.com\/es\/wp-json\/wp\/v2\/pages\/591","targetHints":{"allow":["GET"]}}],"collection":[{"href":"http:\/\/menaramoroccotours.com\/es\/wp-json\/wp\/v2\/pages"}],"about":[{"href":"http:\/\/menaramoroccotours.com\/es\/wp-json\/wp\/v2\/types\/page"}],"author":[{"embeddable":true,"href":"http:\/\/menaramoroccotours.com\/es\/wp-json\/wp\/v2\/users\/1"}],"replies":[{"embeddable":true,"href":"http:\/\/menaramoroccotours.com\/es\/wp-json\/wp\/v2\/comments?post=591"}],"version-history":[{"count":2,"href":"http:\/\/menaramoroccotours.com\/es\/wp-json\/wp\/v2\/pages\/591\/revisions"}],"predecessor-version":[{"id":811,"href":"http:\/\/menaramoroccotours.com\/es\/wp-json\/wp\/v2\/pages\/591\/revisions\/811"}],"wp:attachment":[{"href":"http:\/\/menaramoroccotours.com\/es\/wp-json\/wp\/v2\/media?parent=591"}],"curies":[{"name":"wp","href":"https:\/\/api.w.org\/{rel}","templated":true}]}}