{"id":583,"date":"2017-10-22T14:50:15","date_gmt":"2017-10-22T14:50:15","guid":{"rendered":"https:\/\/africadeserttravel.com\/?page_id=583"},"modified":"2017-10-27T12:33:47","modified_gmt":"2017-10-27T12:33:47","slug":"5-dias-desde-tanger-norte-de-marruecos","status":"publish","type":"page","link":"http:\/\/menaramoroccotours.com\/es\/5-dias-desde-tanger-norte-de-marruecos\/","title":{"rendered":"5 D\u00edas desde T\u00e1nger Norte de Marruecos"},"content":{"rendered":"<h4><strong><span style=\"color: #ff6600;\">D\u00cdA 1: TANGER &#8211; CHEFCHAWEN<\/span><\/strong><\/h4>\n<p>Su asesor de viaje y transporte privado lo esperar\u00e1n en T\u00e1nger. Sus aventuras comienzan mientras manejamos hacia Chefchaouen, conocida por su encantadora paleta de edificios azules y blancos, una vez all\u00ed podr\u00e1 disfrutar del arte culinario de esta regi\u00f3n y pasear por sus deslumbrantes callejuelas. Pasar\u00e1 la noche en esta ciudad en su hotel \/ riad donde podr\u00e1 relajarse y descansar.<\/p>\n<h4><strong><span style=\"color: #ff6600;\">D\u00cdA 2: CHEFCHAWEN &#8211; VOLUBILIS &#8211; MEKNES &#8211; FES<\/span><\/strong><\/h4>\n<p>La ma\u00f1ana comienza con la fresca brisa de la ciudad de Chefchaouen, m\u00e1s tarde, nuestro viaje nos llevar\u00e1 a las ruinas arqueol\u00f3gicas de Volubilis. Las ruinas son un ejemplo sobresaliente de los diferentes tipos de civilizaciones que hicieron de Marruecos su hogar y a\u00fan est\u00e1n presentes en las tradiciones culturales del pa\u00eds. Esto lo convierte en un lugar ideal para dar un paseo por su belleza e historia. Nuestra siguiente parada es la ciudad imperial de Meknes, una vez hogar del sultanato marroqu\u00ed Moulay Ismail, explorar\u00e1 este lugar hist\u00f3rico y quedar\u00e1 cautivado por su magia. Finalmente, llegaremos a la antigua ciudad de Fez, la capital cultural de Marruecos, es una de las ciudades isl\u00e1micas medievales m\u00e1s completas del mundo. Su aventura para hoy termina aqu\u00ed en su hotel o riad donde puede descansar y refrescarse.<\/p>\n<h4><strong><span style=\"color: #ff6600;\">D\u00cdA 3: FES VISITA<\/span><\/strong><\/h4>\n<p>Hoy, su gu\u00eda local lo recibir\u00e1 en su hotel y lo ayudar\u00e1 a descubrir los lugares m\u00e1s incre\u00edbles de la ciudad, como Medersa bou Inania, Medersa El-Attarine, Fes el Bali, el barrio m\u00e1s antiguo de la ciudad y muchos otros lugares con encanto. Esta noche pasar\u00e1 un segundo noche en su hotel o riad en Fez.<\/p>\n<h4><strong><span style=\"color: #ff6600;\">D\u00cdA 4: FES &#8211; RABAT SIGHTSEEING<\/span><\/strong><\/h4>\n<p>Despu\u00e9s de disfrutar del desayuno en su hotel, comenzar\u00e1 a dirigirse hacia el oeste, hacia la capital de Marruecos, en Rabat podr\u00e1 descubrir lugares como el mausoleo de Mohammed V, la encantadora Kasbah of Oudaya con casas tradicionales decoradas con paredes blancas y azules o el Chellah, una antigua ciudad romana y uno de los lugares m\u00e1s evocadores de Rabat. Hoy la ciudad abandonada est\u00e1 cubierta de \u00e1rboles frutales y flores silvestres, el lugar perfecto para una caminata antes de conducir a su Riad para pasar la noche.<\/p>\n<h4><strong><span style=\"color: #ff6600;\">D\u00cdA 5: RABAT &#8211; ASSILA &#8211; TANGER<\/span><\/strong><\/h4>\n<p>El d\u00eda comienza temprano despu\u00e9s del desayuno, su aventura continuar\u00e1 en direcci\u00f3n a la ciudad de Assilah, una hermosa ciudad amurallada blanca que lo har\u00e1 sentir como si estuviera en una isla griega. Una vez all\u00ed, podr\u00e1s experimentar la cultura ex\u00f3tica \u00fanica de la ciudad, una mezcla de tradiciones marroqu\u00edes notables en todas las actividades de la vida cotidiana. Pasar\u00e1s la noche en T\u00e1nger en tu hotel o riad.<\/p>\n<p>Qu\u00e9 est\u00e1 incluido:<\/p>\n<p>\u25ba Recogida del hotel y entrega de<br \/>\n\u25ba Transporte en veh\u00edculo con aire acondicionado. combustible y peajes<br \/>\n\u25ba Entradas<br \/>\n\u25ba Servicios de un conductor calificado de habla inglesa<br \/>\n\u25ba 4 noches de alojamiento en hoteles recomendados \/ Kasbahs \/ Riads<br \/>\n\u25ba Desayuno y cena todos los d\u00edas<\/p>\n<p>Lo que no est\u00e1 incluido:<\/p>\n<p>\u25ba Almuerzo y bebidas<br \/>\n\u25ba Propinas y propinas<br \/>\n\u25ba Punto de encuentro<br \/>\n\u25ba Recogida en su hotel o riad<\/p>\n","protected":false},"excerpt":{"rendered":"<p>D\u00cdA 1: TANGER &#8211; CHEFCHAWEN Su asesor de viaje y transporte privado lo esperar\u00e1n en T\u00e1nger. Sus aventuras comienzan mientras manejamos hacia Chefchaouen, conocida por su<span class=\"excerpt-hellip\"> [\u2026]<\/span><\/p>\n","protected":false},"author":1,"featured_media":0,"parent":0,"menu_order":0,"comment_status":"closed","ping_status":"closed","template":"","meta":{"ngg_post_thumbnail":0,"footnotes":""},"class_list":["post-583","page","type-page","status-publish","hentry"],"_links":{"self":[{"href":"http:\/\/menaramoroccotours.com\/es\/wp-json\/wp\/v2\/pages\/583","targetHints":{"allow":["GET"]}}],"collection":[{"href":"http:\/\/menaramoroccotours.com\/es\/wp-json\/wp\/v2\/pages"}],"about":[{"href":"http:\/\/menaramoroccotours.com\/es\/wp-json\/wp\/v2\/types\/page"}],"author":[{"embeddable":true,"href":"http:\/\/menaramoroccotours.com\/es\/wp-json\/wp\/v2\/users\/1"}],"replies":[{"embeddable":true,"href":"http:\/\/menaramoroccotours.com\/es\/wp-json\/wp\/v2\/comments?post=583"}],"version-history":[{"count":2,"href":"http:\/\/menaramoroccotours.com\/es\/wp-json\/wp\/v2\/pages\/583\/revisions"}],"predecessor-version":[{"id":804,"href":"http:\/\/menaramoroccotours.com\/es\/wp-json\/wp\/v2\/pages\/583\/revisions\/804"}],"wp:attachment":[{"href":"http:\/\/menaramoroccotours.com\/es\/wp-json\/wp\/v2\/media?parent=583"}],"curies":[{"name":"wp","href":"https:\/\/api.w.org\/{rel}","templated":true}]}}