{"id":581,"date":"2017-10-22T14:49:32","date_gmt":"2017-10-22T14:49:32","guid":{"rendered":"https:\/\/africadeserttravel.com\/?page_id=581"},"modified":"2017-10-27T12:33:50","modified_gmt":"2017-10-27T12:33:50","slug":"5-dias-fes-merzouga-marrakech","status":"publish","type":"page","link":"http:\/\/menaramoroccotours.com\/es\/5-dias-fes-merzouga-marrakech\/","title":{"rendered":"5 D\u00edas Fes Merzouga Marrakech"},"content":{"rendered":"<h4><span style=\"color: #ff6600;\"><strong>D\u00eda 1: Fes \u2013&nbsp;Ifrane&nbsp;\u2013&nbsp;Midelt hizo una declaraci\u00f3n&nbsp;\u2013&nbsp;Erfoud&nbsp;\u2013&nbsp;Merzouga&nbsp;dunas<\/strong><\/span><\/h4>\n<p>La salida de la&nbsp;Riad\/Hotel ser\u00e1 a las 8 am. El viaje a Erg Chebbi&nbsp;dunas de arena durar\u00e1 8 horas en las que veremos las monta\u00f1as del Atlas y algunas aldeas (Tafilalet, Erfoud&nbsp;y&nbsp;Rissani).&nbsp; Nos detendremos en algunas ciudades como Ifrane y&nbsp;Azrou&nbsp;para disfrutar de la vista del bosque de El cedro y monos viven all\u00ed. El almuerzo ser\u00e1 servido en&nbsp;Midelt hizo una declaraci\u00f3n&nbsp;y, a continuaci\u00f3n, vamos a seguir pasando por el&nbsp;&nbsp;valle camino zigzagueante para salir con una hermosa vista de las palmeras hasta llegar a Erg&nbsp;Chebbi&nbsp;donde haremos lo&nbsp;pensar\u00eda dos veces antes&nbsp;de llegar a camellos del desierto campamento para pasar la noche en una tienda bereber.<\/p>\n<h4><span style=\"color: #ff6600;\"><strong>D\u00eda 2 :&nbsp;&nbsp;Merzouga Erg Chebbi&nbsp;Desierto<\/strong><\/span><\/h4>\n<p>La ma\u00f1ana, paseo en camellos temprano para disfrutar de la vista del amanecer, el destino ser\u00e1 el hotel para desayunar y una ducha. A continuaci\u00f3n, vamos a explorar la vida n\u00f3mada y ver muchas peque\u00f1as aldeas como (Merzouga y Hassi Labied&nbsp;y tambi\u00e9n&nbsp;Khamlia) haremos unos 60 kil\u00f3metros. Durante la tarde se puede disfrutar de un ba\u00f1o en un hotel de la zona de piscina rodeada de hermosas vistas de la arena monta\u00f1as.<\/p>\n<h4><span style=\"color: #ff6600;\"><strong>D\u00eda 3:&nbsp;&nbsp;Erg&nbsp;Chebbi&nbsp;Gargantas Todra Rissani<\/strong><\/span><\/h4>\n<p>Despu\u00e9s del desayuno, nos dirigiremos a trav\u00e9s del desierto negro (Hamada) para llegar a&nbsp;&nbsp;Erfoud y Rissani&nbsp;la ciudad de los f\u00f3siles en el que visitaremos un f\u00f3sil taller antes de visitar&nbsp;Todra&nbsp;Valle, el lugar favorito de los escaladores. Vamos a caminar, antes de ir al hotel donde vamos a cenar y pasar la noche.<\/p>\n<h4><span style=\"color: #ff6600;\"><strong>D\u00eda 4 :&nbsp;&nbsp;&nbsp;&nbsp;Valle Dades Gargantas Todra &nbsp;Skoura Ouarzazate<\/strong><\/span><\/h4>\n<p>Comenzaremos nuestro d\u00eda con un desayuno en el hotel, luego&nbsp;&nbsp;continuamos el viaje a trav\u00e9s de muchas antiguas Kasbahs y el rock regi\u00f3n de&nbsp;Dades&nbsp;valle donde los n\u00f3madas viven todav\u00eda en las cavernas. Vamos a pasar un tiempo con una de estas familias que todav\u00eda est\u00e1n viviendo una vida sencilla para saber m\u00e1s acerca de su cultura. Despu\u00e9s, visitaremos la rosa valle conocido para la siembra y que los productos org\u00e1nicos de rosas para llegar a&nbsp;Skoura&nbsp;palmeras. A 45 km de&nbsp;Ouarzazate&nbsp;donde pasaremos la noche en un hotel local.<\/p>\n<h4><span style=\"color: #ff6600;\"><strong>D\u00eda 5 :&nbsp;Ouarzazate Ait Benhaddou&nbsp; Alto Atlas Marrakech<\/strong><\/span><\/h4>\n<p>Nuestra aventura comenzar\u00e1 despu\u00e9s del desayuno; tenemos que empezar a visitar los estudios cinematogr\u00e1ficos en Ouarzazate&nbsp;&nbsp;(\u00c1frica Hollywood).&nbsp; A continuaci\u00f3n, vamos a visitar el sistema todo incluido Patrimonio de&nbsp;&nbsp;Kasbah Ait Benhaddou como lo ha sido nombrada por la Unesco&nbsp;&nbsp;en 1987. M\u00e1s de 20 pel\u00edculas incluyendo \u201cGladiador\u201d, \u201cAlexander\u201d, \u201cIndiana Jones\u201d y \u201cLawrence de Arabia\u201d fueron filmadas en la ciudad fortificada. Nos dirigimos a Marrakech por la carretera de las monta\u00f1as del Alto Atlas y&nbsp;Tizi n\u2019tichka&nbsp;y almorzaremos en el centro de las Monta\u00f1as del Atlas antes de llegar a su&nbsp;&nbsp;hotel o riad en Marrakech.<\/p>\n","protected":false},"excerpt":{"rendered":"<p>D\u00eda 1: Fes \u2013&nbsp;Ifrane&nbsp;\u2013&nbsp;Midelt hizo una declaraci\u00f3n&nbsp;\u2013&nbsp;Erfoud&nbsp;\u2013&nbsp;Merzouga&nbsp;dunas La salida de la&nbsp;Riad\/Hotel ser\u00e1 a las 8 am. El viaje a Erg Chebbi&nbsp;dunas de arena durar\u00e1 8 horas<span class=\"excerpt-hellip\"> [\u2026]<\/span><\/p>\n","protected":false},"author":1,"featured_media":0,"parent":0,"menu_order":0,"comment_status":"closed","ping_status":"closed","template":"","meta":{"ngg_post_thumbnail":0,"footnotes":""},"class_list":["post-581","page","type-page","status-publish","hentry"],"_links":{"self":[{"href":"http:\/\/menaramoroccotours.com\/es\/wp-json\/wp\/v2\/pages\/581","targetHints":{"allow":["GET"]}}],"collection":[{"href":"http:\/\/menaramoroccotours.com\/es\/wp-json\/wp\/v2\/pages"}],"about":[{"href":"http:\/\/menaramoroccotours.com\/es\/wp-json\/wp\/v2\/types\/page"}],"author":[{"embeddable":true,"href":"http:\/\/menaramoroccotours.com\/es\/wp-json\/wp\/v2\/users\/1"}],"replies":[{"embeddable":true,"href":"http:\/\/menaramoroccotours.com\/es\/wp-json\/wp\/v2\/comments?post=581"}],"version-history":[{"count":2,"href":"http:\/\/menaramoroccotours.com\/es\/wp-json\/wp\/v2\/pages\/581\/revisions"}],"predecessor-version":[{"id":805,"href":"http:\/\/menaramoroccotours.com\/es\/wp-json\/wp\/v2\/pages\/581\/revisions\/805"}],"wp:attachment":[{"href":"http:\/\/menaramoroccotours.com\/es\/wp-json\/wp\/v2\/media?parent=581"}],"curies":[{"name":"wp","href":"https:\/\/api.w.org\/{rel}","templated":true}]}}