{"id":577,"date":"2017-10-22T14:48:10","date_gmt":"2017-10-22T14:48:10","guid":{"rendered":"https:\/\/africadeserttravel.com\/?page_id=577"},"modified":"2017-10-27T12:33:53","modified_gmt":"2017-10-27T12:33:53","slug":"4-dias-desde-marrakech-merzouga-fes","status":"publish","type":"page","link":"http:\/\/menaramoroccotours.com\/es\/4-dias-desde-marrakech-merzouga-fes\/","title":{"rendered":"4 D\u00edas Desde Marrakech Merzouga Fes"},"content":{"rendered":"<h4><span style=\"color: #ff6600;\"><strong>D\u00eda 1: Marrakech \u2013&nbsp;Ait Ben Haddou&nbsp;&nbsp;\u2013 Ouarzazate&nbsp;&nbsp;\u2013&nbsp;Dades&nbsp;Gorge<\/strong><\/span><\/h4>\n<p>Despu\u00e9s de salir de la ciudad de Marrakech, nos dirigiremos al sur en el&nbsp;Tizi n\u2019Tichka&nbsp;(2260m) mientras disfruta de maravillosas vistas de las monta\u00f1as y de los pueblos ber\u00e9beres en el camino. Haremos una parada para el almuerzo en un restaurante tradicional y visitar la Kasbah de&nbsp;Ait Ben Haddou&nbsp;, que es un sitio del Patrimonio Mundial. Esta famosa kasbah&nbsp;se ha utilizado como escenario de m\u00e1s de 20 pel\u00edculas.<\/p>\n<p>Despu\u00e9s del almuerzo continuaremos a trav\u00e9s&nbsp;Ouarzazate, que es la puerta de entrada al sur de Marruecos, y continuar hacia el&nbsp;oasis Skoura, que es un \u00e1rea f\u00e9rtil rodeada de inmensos palmerales. Despu\u00e9s de&nbsp;Skoura&nbsp;, llegamos al Valle de Las Rosas.<\/p>\n<p>Las rosas son un cultivo muy importante refuerzo para la poblaci\u00f3n local. La rosa temporada, comienza alrededor 10 de abril y finaliza alrededor del 20 de mayo, dependiendo de las condiciones clim\u00e1ticas. Fiesta de Las Rosas o&nbsp;Moussem de&nbsp;Rosas se lleva a cabo en la segunda semana de mayo y dura dos d\u00edas. Muchas fiestas, incluidas las actuaciones de grupos folcl\u00f3ricos y el concurso Miss Rosas, cuyo ganador, a continuaci\u00f3n, toma parte en la procesi\u00f3n un decorado de flotaci\u00f3n. Los comerciantes de todas partes de la regi\u00f3n acuden a vender sus&nbsp;&nbsp;productos artesanales y especialidades.<\/p>\n<p>Por \u00faltimo, en este d\u00eda, llegamos a la espectacular&nbsp;Dades&nbsp;Gorge y aqu\u00ed es donde usted podr\u00e1 cenar y pasar la noche en su hotel.<\/p>\n<h4><span style=\"color: #ff6600;\"><strong>D\u00eda 2:&nbsp;Dades&nbsp;Gorge \u2013&nbsp;&nbsp;Gargantas Todra \u2013&nbsp;Merzouga<\/strong><\/span><\/h4>\n<p>Despu\u00e9s del desayuno en el hotel nos dirigiremos hacia&nbsp;Dades&nbsp;Gorge y cabeza hacia&nbsp;Todra&nbsp;Gorges: un enorme fallo, con una altura m\u00e1xima de 200m en un estrecho valle, salpicada de palmeras y pueblos ber\u00e9beres. Despu\u00e9s del almuerzo, en el desfiladero, vamos m\u00e1s lejos en el S\u00e1hara a&nbsp;Merzouga&nbsp;que tiene el mayor \u00f3rgano subterr\u00e1neo natural de agua en todo el Marruecos y se encuentra en el borde de las grandes dunas de Erg&nbsp;Chebbi.<\/p>\n<p>Cena y noche en el hotel en&nbsp;Merzouga.<\/p>\n<h4><span style=\"color: #ff6600;\"><strong>D\u00eda 3:&nbsp;Merzouga&nbsp;\u2013&nbsp;Merzouga&nbsp;dunas \u2013&nbsp;Merdane&nbsp;Oasis<\/strong><\/span><\/h4>\n<p>Despu\u00e9s de un desayuno tranquilo y despu\u00e9s de visitar los&nbsp;&nbsp;oasis Merzouga, a la aldea de los Negros,&nbsp;Khamlia. Estas personas proced\u00edan del Sud\u00e1n y originalmente eran llevados al norte como esclavos. Usted se reunir\u00e1 con algunas familias y disfrutar t\u00e9 a la menta con ellos y escuchar&nbsp;m\u00fasica gnaoua tradicionales.<\/p>\n<p>Nuestra pr\u00f3xima parada ser\u00e1 en&nbsp;las IMF, un peque\u00f1o pueblo al sur-este de las dunas, cerca de las minas de carb\u00f3n y cobre donde la mayor\u00eda de la gente en Merzouga&nbsp;para mejorar sus vidas.<\/p>\n<p>Entonces, despu\u00e9s de una nueva parada en&nbsp;Merdane&nbsp;aldea nos lleve a cumplir las familias bereberes antes de emprender el regreso a&nbsp;Merzouga&nbsp;a registrarse en el hotel.<\/p>\n<p>Por la tarde, puede montar su camello a cruz las dunas y descubrir uno de los secretos del \u201cmar de arena\u201d.&nbsp; La parada ser\u00e1 en una virgen oasis. Disfrute del silencio del desierto, apreciar la belleza natural que rodea y ver el majestuoso atardecer.<\/p>\n<p>Pasar la noche bajo un manto de estrellas, el centelleo de una intensidad que nunca has visto antes. Dormir en las tiendas de campa\u00f1a y&nbsp;jaimas.<\/p>\n<h4><span style=\"color: #ff6600;\"><strong>D\u00eda 4:&nbsp;Merzouga&nbsp;\u2013&nbsp;Rissani&nbsp;\u2013&nbsp;camino zigzagueante para Salir&nbsp;Valle \u2013 Fez<\/strong><\/span><\/h4>\n<p>Despu\u00e9s del desayuno en el desierto, salimos a&nbsp;Rissani&nbsp;donde visitaremos el&nbsp;zoco tradicional bereber&nbsp;y las ruinas de&nbsp;Sijilmassa Kasbah&nbsp;dejando&nbsp;Rissani&nbsp;viajamos a trav\u00e9s del&nbsp;camino zigzagueante para salir&nbsp;y&nbsp;Errachidia Valle. Haremos una parada en el camino para comer antes de llegar a Azrou&nbsp;donde hay un bosque de cedros que es el hogar de una troupe de simios Barbary.<\/p>\n<p>Nuestra pr\u00f3xima parada ser\u00e1 en&nbsp;las IMF, un peque\u00f1o pueblo al sur-este de las dunas, cerca de las minas de carb\u00f3n y cobre donde la mayor\u00eda de la gente en Merzouga&nbsp;para mejorar sus vidas.<\/p>\n","protected":false},"excerpt":{"rendered":"<p>D\u00eda 1: Marrakech \u2013&nbsp;Ait Ben Haddou&nbsp;&nbsp;\u2013 Ouarzazate&nbsp;&nbsp;\u2013&nbsp;Dades&nbsp;Gorge Despu\u00e9s de salir de la ciudad de Marrakech, nos dirigiremos al sur en el&nbsp;Tizi n\u2019Tichka&nbsp;(2260m) mientras disfruta de maravillosas<span class=\"excerpt-hellip\"> [\u2026]<\/span><\/p>\n","protected":false},"author":1,"featured_media":0,"parent":0,"menu_order":0,"comment_status":"closed","ping_status":"closed","template":"","meta":{"ngg_post_thumbnail":0,"footnotes":""},"class_list":["post-577","page","type-page","status-publish","hentry"],"_links":{"self":[{"href":"http:\/\/menaramoroccotours.com\/es\/wp-json\/wp\/v2\/pages\/577","targetHints":{"allow":["GET"]}}],"collection":[{"href":"http:\/\/menaramoroccotours.com\/es\/wp-json\/wp\/v2\/pages"}],"about":[{"href":"http:\/\/menaramoroccotours.com\/es\/wp-json\/wp\/v2\/types\/page"}],"author":[{"embeddable":true,"href":"http:\/\/menaramoroccotours.com\/es\/wp-json\/wp\/v2\/users\/1"}],"replies":[{"embeddable":true,"href":"http:\/\/menaramoroccotours.com\/es\/wp-json\/wp\/v2\/comments?post=577"}],"version-history":[{"count":2,"href":"http:\/\/menaramoroccotours.com\/es\/wp-json\/wp\/v2\/pages\/577\/revisions"}],"predecessor-version":[{"id":802,"href":"http:\/\/menaramoroccotours.com\/es\/wp-json\/wp\/v2\/pages\/577\/revisions\/802"}],"wp:attachment":[{"href":"http:\/\/menaramoroccotours.com\/es\/wp-json\/wp\/v2\/media?parent=577"}],"curies":[{"name":"wp","href":"https:\/\/api.w.org\/{rel}","templated":true}]}}