{"id":571,"date":"2017-10-22T14:45:24","date_gmt":"2017-10-22T14:45:24","guid":{"rendered":"https:\/\/africadeserttravel.com\/?page_id=571"},"modified":"2017-10-27T12:33:55","modified_gmt":"2017-10-27T12:33:55","slug":"4-dias-desde-marrakech-a-fez-merzouga-y-rissani","status":"publish","type":"page","link":"http:\/\/menaramoroccotours.com\/es\/4-dias-desde-marrakech-a-fez-merzouga-y-rissani\/","title":{"rendered":"4 D\u00edas desde Marrakech a Fez Merzouga y Rissani"},"content":{"rendered":"<h4><strong><span style=\"color: #ff6600;\">D\u00eda 1: Marrakech &#8211; Ait Ben Haddou &#8211; Ouarzazate &#8211; Dades Gorge<\/span><\/strong><\/h4>\n<p>Despu\u00e9s de dejar atr\u00e1s la ciudad de Marrakech, nos dirigimos al sur sobre el paso de Tizi n&#8217;Tichka (2260 m) mientras disfrutamos de unas vistas magn\u00edficas de las monta\u00f1as y de las aldeas bereberes en el camino. Nos detenemos para almorzar en un restaurante tradicional y visitamos la Kasbah de Ait Ben Haddou, Patrimonio de la Humanidad. Esta famosa kasbah se ha utilizado como tel\u00f3n de fondo para m\u00e1s de 20 pel\u00edculas.<\/p>\n<p>Despu\u00e9s del almuerzo, continuamos por Ouarzazate, que es la puerta de entrada al sur de Marruecos, y continuamos hacia el oasis de Skoura, que es una zona f\u00e9rtil llena de inmensos palmerales. Continuando desde Skoura, llegamos al Valle de las Rosas.<\/p>\n<p>Las rosas son un refuerzo de cultivos muy importante para la poblaci\u00f3n local. La temporada de rosas comienza alrededor del 10 de abril y termina alrededor del 20 de mayo, dependiendo de las condiciones clim\u00e1ticas. El Rose Festival o Moussem of Roses se lleva a cabo el segundo fin de semana de mayo y tiene una duraci\u00f3n de dos d\u00edas. Se celebran muchas festividades, incluidas actuaciones de grupos folcl\u00f3ricos y el concurso Miss Roses, cuyo ganador participa en una procesi\u00f3n en una carroza decorada. Los comerciantes de toda la regi\u00f3n vienen a vender sus especialidades y productos de artesan\u00eda.<\/p>\n<p>Finalmente en este d\u00eda llegamos al espectacular desfiladero de Dades, donde cenar\u00e1 y pasar\u00e1 la noche en su hotel.<\/p>\n<h4><strong><span style=\"color: #ff6600;\">D\u00eda 2: Garganta del Dades &#8211; Gargantas del Todra &#8211; Merzouga<\/span><\/strong><\/h4>\n<p>Despu\u00e9s del desayuno en el hotel, salimos de Dades Gorge y nos dirigimos hacia Todra Gorges: una falla masiva, que se eleva a 200 metros en un valle estrecho, densamente salpicado de palmeras y pueblos bereberes. Despu\u00e9s del almuerzo en el desfiladero, vamos m\u00e1s all\u00e1 en el Sahara a Merzouga, que tiene el mayor cuerpo de agua subterr\u00e1nea natural en todo Marruecos y se encuentra en el borde de las grandes dunas de arena de Erg Chebbi.<\/p>\n<p>Cena y alojamiento en hotel en Merzouga.<\/p>\n<h4><strong><span style=\"color: #ff6600;\">D\u00eda 3: Merzouga &#8211; Merzouga Dunes &#8211; Merdane Oasis<\/span><\/strong><\/h4>\n<p>Despu\u00e9s de un desayuno relajado y despu\u00e9s de visitar el oasis de Merzouga, conduce al pueblo de los negros, Khamlia. Estas personas vinieron de Sud\u00e1n y fueron tra\u00eddas originalmente al norte como esclavos. Conocer\u00e1s a algunas familias y disfrutar\u00e1s de t\u00e9 de menta con ellas y escuchar\u00e1s la m\u00fasica gnaoua tradicional.<\/p>\n<p>Nuestra pr\u00f3xima parada ser\u00e1 en Mfis, un peque\u00f1o pueblo al sureste de las dunas, cerca de las minas de carb\u00f3n y cobre donde sol\u00eda vivir la mayor\u00eda de la gente de Merzouga.<\/p>\n<p>Luego, despu\u00e9s de una nueva parada en la aldea de Merdane, seguiremos conociendo a las familias bereberes antes de volver a Merzouga para hacer el check-in en su hotel.<\/p>\n<p>Por la tarde, montar\u00e1s tu camello para cruzar las dunas y descubrir\u00e1s uno de los secretos del &#8216;mar de arena&#8217;. Nuestra parada ser\u00e1 en un oasis virgen. Disfruta del silencio del desierto, aprecia la belleza natural que te rodea y observa la majestuosa puesta de sol.<\/p>\n<p>Pase la noche bajo un dosel de estrellas, centelleando con una intensidad que quiz\u00e1s nunca antes haya visto. Dormir en tiendas tradicionales bereberes, jaimas.<\/p>\n<h4><strong><span style=\"color: #ff6600;\">D\u00eda 4: Merzouga &#8211; Rissani &#8211; Valle de Ziz &#8211; Fez<\/span><\/strong><\/h4>\n<p>Despu\u00e9s del desayuno en el desierto, partimos rumbo a Rissani donde visitaremos el suq tradicional bereber y la ruinosa Kasbah de Sijilmassa. Saliendo de Rissani, viajamos a trav\u00e9s del Valle de Ziz y Errachidia. Nos detendremos en el camino para almorzar antes de llegar a Azrou donde hay un bosque de cedros que es el hogar de un grupo de monos de Berber\u00eda.<\/p>\n<p>Nuestra pr\u00f3xima parada ser\u00e1 en Mfis, un peque\u00f1o pueblo al sureste de las dunas, cerca de las minas de carb\u00f3n y cobre donde sol\u00eda vivir la mayor\u00eda de la gente de Merzouga.<\/p>\n<p>Qu\u00e9 est\u00e1 incluido:<\/p>\n<p>\u25ba Recogida del hotel y entrega de<br \/>\n\u25ba Transporte en veh\u00edculo con aire acondicionado. combustible y peajes<br \/>\n\u25ba Entradas<br \/>\n\u25ba Servicios de un conductor calificado de habla inglesa<br \/>\n\u25ba 4 noches de alojamiento en hoteles recomendados \/ Kasbahs \/ Riads<br \/>\n\u25ba Desayuno y cena todos los d\u00edas<\/p>\n<p>Lo que no est\u00e1 incluido:<\/p>\n<p>\u25ba Almuerzo y bebidas<br \/>\n\u25ba Propinas y propinas<br \/>\n\u25ba Punto de encuentro<br \/>\n\u25ba Recogida en su hotel o riad<\/p>\n","protected":false},"excerpt":{"rendered":"<p>D\u00eda 1: Marrakech &#8211; Ait Ben Haddou &#8211; Ouarzazate &#8211; Dades Gorge Despu\u00e9s de dejar atr\u00e1s la ciudad de Marrakech, nos dirigimos al sur sobre el<span class=\"excerpt-hellip\"> [\u2026]<\/span><\/p>\n","protected":false},"author":1,"featured_media":0,"parent":0,"menu_order":0,"comment_status":"closed","ping_status":"closed","template":"","meta":{"ngg_post_thumbnail":0,"footnotes":""},"class_list":["post-571","page","type-page","status-publish","hentry"],"_links":{"self":[{"href":"http:\/\/menaramoroccotours.com\/es\/wp-json\/wp\/v2\/pages\/571","targetHints":{"allow":["GET"]}}],"collection":[{"href":"http:\/\/menaramoroccotours.com\/es\/wp-json\/wp\/v2\/pages"}],"about":[{"href":"http:\/\/menaramoroccotours.com\/es\/wp-json\/wp\/v2\/types\/page"}],"author":[{"embeddable":true,"href":"http:\/\/menaramoroccotours.com\/es\/wp-json\/wp\/v2\/users\/1"}],"replies":[{"embeddable":true,"href":"http:\/\/menaramoroccotours.com\/es\/wp-json\/wp\/v2\/comments?post=571"}],"version-history":[{"count":5,"href":"http:\/\/menaramoroccotours.com\/es\/wp-json\/wp\/v2\/pages\/571\/revisions"}],"predecessor-version":[{"id":801,"href":"http:\/\/menaramoroccotours.com\/es\/wp-json\/wp\/v2\/pages\/571\/revisions\/801"}],"wp:attachment":[{"href":"http:\/\/menaramoroccotours.com\/es\/wp-json\/wp\/v2\/media?parent=571"}],"curies":[{"name":"wp","href":"https:\/\/api.w.org\/{rel}","templated":true}]}}