{"id":565,"date":"2017-10-22T14:43:09","date_gmt":"2017-10-22T14:43:09","guid":{"rendered":"https:\/\/africadeserttravel.com\/?page_id=565"},"modified":"2017-10-27T12:31:55","modified_gmt":"2017-10-27T12:31:55","slug":"3-dias-fes-marrakech-desierto-merzouga","status":"publish","type":"page","link":"http:\/\/menaramoroccotours.com\/es\/3-dias-fes-marrakech-desierto-merzouga\/","title":{"rendered":"3 D\u00edas Fes Marrakech Desierto\u00a0Merzouga"},"content":{"rendered":"<h4><span style=\"color: #ff6600;\"><strong>D\u00eda 1: Fes&nbsp;Merzouga&nbsp;por&nbsp;Ifrane Midelt hizo una declaraci\u00f3n&nbsp;y las monta\u00f1as del Atlas<\/strong><\/span><\/h4>\n<p>La salida de la&nbsp;Riad\/Hotel ser\u00e1 a las 8 am. El viaje a Erg Chebbi&nbsp;dunas de arena durar\u00e1 8 horas en las que veremos las monta\u00f1as del Atlas y algunas aldeas (Tafilalet, Erfoud&nbsp;y&nbsp;Rissani).&nbsp; Nos detendremos en algunas ciudades como Ifrane y&nbsp;Azrou&nbsp;para disfrutar de la vista del bosque de El cedro y monos viven all\u00ed. El almuerzo ser\u00e1 servido en&nbsp;Midelt hizo una declaraci\u00f3n&nbsp;y, a continuaci\u00f3n, vamos a seguir pasando por el&nbsp;&nbsp;valle camino zigzagueante para salir con una hermosa vista de las palmeras hasta llegar a Erg&nbsp;Chebbi&nbsp;donde haremos lo&nbsp;pensar\u00eda dos veces antes&nbsp;de llegar a camellos del desierto campamento para pasar la noche en una tienda bereber.<\/p>\n<h4><span style=\"color: #ff6600;\"><strong>D\u00eda 2:&nbsp;Merzouga&nbsp;&nbsp;Todgha a trav\u00e9s de Dades&nbsp;gargantas y&nbsp;Tinghir<\/strong><\/span><\/h4>\n<p>Despu\u00e9s del desayuno, dejamos&nbsp;&nbsp;el desierto del S\u00e1hara de Erg&nbsp;Chebbi, una unidad a trav\u00e9s de la hamada (&nbsp;desierto negro) para llegar a la ciudad de&nbsp;Rissani S\u00e1hara. Posteriormente, nos dirigimos al norte a Erfoud&nbsp;que es conocido por los f\u00f3siles; aqu\u00ed podemos visitar un f\u00f3sil taller antes de proceder a la incre\u00edble&nbsp;&nbsp;valle Todra, conocido para la escalada en roca, donde se puede caminar antes de ir en coche a&nbsp;dades&nbsp;gargantas para el hotel, cena y alojamiento.<\/p>\n<h4><span style=\"color: #ff6600;\"><strong>D\u00eda 3: Marrakech a&nbsp;Ouarzazate, Ait Benhaddou&nbsp;Kasbah<\/strong><\/span><\/h4>\n<p>Despu\u00e9s de su desayuno en el hotel&nbsp;, se iniciar\u00e1 el&nbsp;\u00faltimo d\u00eda de nuestra &nbsp;primera conducci\u00f3n&nbsp; las mil&nbsp;kasbah&nbsp;road, las rosas&nbsp;vally, una visita a Skoura oisis&nbsp;con su credibilidad siglo 17&nbsp;kasbah, una visita a ait ben Haddou&nbsp;kasbah&nbsp;Ait Benhaddou&nbsp;es el sitio de Patrimonio Mundial, que se ha utilizado como un valor de m\u00e1s de 20 pel\u00edculas que incorporen \u201cGladiator\u201d, \u201cIndiana Jones\u201d y \u201cLawrence de Arabia\u201d . ), despu\u00e9s de la comida, 4&nbsp;horas&nbsp;a trav\u00e9s de&nbsp;tizi ntichka&nbsp;con paradas a lo largo, llegar a Marrakech en 18:00<\/p>\n","protected":false},"excerpt":{"rendered":"<p>D\u00eda 1: Fes&nbsp;Merzouga&nbsp;por&nbsp;Ifrane Midelt hizo una declaraci\u00f3n&nbsp;y las monta\u00f1as del Atlas La salida de la&nbsp;Riad\/Hotel ser\u00e1 a las 8 am. El viaje a Erg Chebbi&nbsp;dunas de<span class=\"excerpt-hellip\"> [\u2026]<\/span><\/p>\n","protected":false},"author":1,"featured_media":0,"parent":0,"menu_order":0,"comment_status":"closed","ping_status":"closed","template":"","meta":{"ngg_post_thumbnail":0,"footnotes":""},"class_list":["post-565","page","type-page","status-publish","hentry"],"_links":{"self":[{"href":"http:\/\/menaramoroccotours.com\/es\/wp-json\/wp\/v2\/pages\/565","targetHints":{"allow":["GET"]}}],"collection":[{"href":"http:\/\/menaramoroccotours.com\/es\/wp-json\/wp\/v2\/pages"}],"about":[{"href":"http:\/\/menaramoroccotours.com\/es\/wp-json\/wp\/v2\/types\/page"}],"author":[{"embeddable":true,"href":"http:\/\/menaramoroccotours.com\/es\/wp-json\/wp\/v2\/users\/1"}],"replies":[{"embeddable":true,"href":"http:\/\/menaramoroccotours.com\/es\/wp-json\/wp\/v2\/comments?post=565"}],"version-history":[{"count":2,"href":"http:\/\/menaramoroccotours.com\/es\/wp-json\/wp\/v2\/pages\/565\/revisions"}],"predecessor-version":[{"id":798,"href":"http:\/\/menaramoroccotours.com\/es\/wp-json\/wp\/v2\/pages\/565\/revisions\/798"}],"wp:attachment":[{"href":"http:\/\/menaramoroccotours.com\/es\/wp-json\/wp\/v2\/media?parent=565"}],"curies":[{"name":"wp","href":"https:\/\/api.w.org\/{rel}","templated":true}]}}