{"id":427,"date":"2017-10-16T15:48:22","date_gmt":"2017-10-16T15:48:22","guid":{"rendered":"https:\/\/africadeserttravel.com\/?page_id=427"},"modified":"2017-10-27T12:30:17","modified_gmt":"2017-10-27T12:30:17","slug":"paseo-camellos","status":"publish","type":"page","link":"http:\/\/menaramoroccotours.com\/es\/paseo-camellos\/","title":{"rendered":"Paseo Camellos"},"content":{"rendered":"<h4 style=\"text-align: center;\"><span style=\"color: #ff6600;\"><strong>1 noche en desierto por camello<\/strong><\/span><\/h4>\n<p>Este viaje comienza en la noche, organizamos el paseo en camello por la noche en el desierto, una hora en camello para obtener el c\u00f3modo campamento en medio del desierto, los camellos estar\u00e1n llenos de alimentos, mantas y todo lo que necesitar\u00e1, el viaje comenzar\u00e1 directamente en el desierto a las 15: 30 min, pasaremos la noche en el campamento entre las dunas de arena del desierto de erg Chebbi,<br \/>\nEsta es una gran oportunidad para tomar fotos preciosas de la puesta del sol y el amanecer, cuando llegamos al campamento, caminamos hasta las altas dunas de Erg Chebbi para ver la puesta del sol. Ser\u00e1 una noche m\u00e1gica en la que el cielo est\u00e1 despejado y las estrellas. Destella y resplandece con intensidad, en la noche habr\u00e1 una cena maravillosa. Con el silencio del desierto, pasaremos la noche en tiendas n\u00f3madas. Por la ma\u00f1ana caminar\u00e1s hasta las dunas para ver el amanecer, luego volver\u00e1s a las carpas para desayunar, luego montaremos los camellos hacia el hotel para tomar una ducha y relajarse!<\/p>\n<p><strong>Incluye<\/strong><\/p>\n<ul>\n<li>Una habitaci\u00f3n en el hotel: estacionamiento para su autom\u00f3vil (si tiene<\/li>\n<li>Tiendas n\u00f3madas (campamento del desierto)<\/li>\n<li>Cena y desayuno<\/li>\n<li>Camello cada uno<\/li>\n<li>Agua embotellada<\/li>\n<\/ul>\n<h4 style=\"text-align: center;\"><span style=\"color: #ff6600;\"><strong>1 noche y media por camello<\/strong><\/span><\/h4>\n<p>Comenzar\u00e1s a las 10:00 de la ma\u00f1ana despu\u00e9s de una hora y media en camello. Visitar\u00e1s un pueblo muy antiguo, detr\u00e1s de las dunas de Erg Chebbi, donde vive una sola familia. Puedes ver c\u00f3mo viven los habitantes originales del desierto, en el tradicional carpas Podemos visitar las casas bereberes, ver c\u00f3mo viven, verlos preparar pan casero y cusc\u00fas o Tajines, Eath junto con ellos y beber t\u00e9 bereber, Y luego vamos al campamento en medio de las dunas de arena para ver el atardecer y cena sabrosa, despu\u00e9s de dormir o puedes caminar en las dunas a la luz de las estrellas si te interesan las estrellas, a la ma\u00f1ana siguiente despu\u00e9s del amanecer. Tendr\u00e1s el desayuno en el mismo lugar, luego volveremos al hotel para ducharte y relajarte.<\/p>\n<p><strong>Incluye<\/strong><\/p>\n<ul>\n<li>Una habitaci\u00f3n en el hotel. -Parking para su autom\u00f3vil (si tiene)<\/li>\n<li>Nomade carpa (campamento del desierto)<\/li>\n<li>Almuerzo, cena, desayuno<\/li>\n<li>Camel cada uno \/ Gu\u00eda<\/li>\n<li>Agua, t\u00e9<\/li>\n<\/ul>\n<h4 style=\"text-align: center;\"><span style=\"color: #ff6600;\"><strong>2 noches en el desierto en camello<\/strong><\/span><\/h4>\n<p>Los camellos estar\u00e1n llenos de alimentos, mantas y todo lo dem\u00e1s que necesitaremos. La caminata comenzar\u00e1 en el desierto a las 15:30 min. Pasaremos la noche en un campamento de oasis bereber entre altas dunas de arena anaranjada,<br \/>\nSer\u00e1 una gran oportunidad para tomar fotos preciosas de la puesta del sol y el amanecer, despu\u00e9s de dos horas y media de montar los camellos, llegamos al campamento de oasis que caminamos a las altas dunas de erg chebbi para ver la puesta de sol, ser\u00e1 un noche m\u00e1gica cuando el cielo est\u00e1 despejado y las estrellas brillan y brillan con intensidad. Durante la primera noche, habr\u00e1 una cena maravillosa con el silencio del desierto, pasaremos la noche en tiendas de oasis,<br \/>\n, Al d\u00eda siguiente Por la ma\u00f1ana despu\u00e9s del desayuno en el oasis, montaremos los camellos para visitar y almorzar con los pueblos n\u00f3madas, despu\u00e9s de la relajaci\u00f3n y el almuerzo con los pueblos n\u00f3madas. Volveremos al campamento a pie hasta la cima de las dunas para hacer un esqu\u00ed de fondo despu\u00e9s de que podamos ver el amanecer y volver a las carpas para tomar un t\u00e9, cenar, dormir. Al d\u00eda siguiente a la ma\u00f1ana despu\u00e9s del desayuno, montaremos el respaldo del camello hasta el hotel para tomar una ducha y relajarse.<\/p>\n<p><strong>Incluye<\/strong><\/p>\n<ul>\n<li>Una habitaci\u00f3n en el hotel. &#8211; Estacionamiento para su auto (si tiene)<\/li>\n<li>Una noche en el campamento de oasis \/ 1 noches en el campamento del desierto.<\/li>\n<li>Dos cenas + dos almuerzos + dos desayunos<\/li>\n<li>Camel cada uno \/ gu\u00eda<\/li>\n<li>El agua<\/li>\n<\/ul>\n<h4 style=\"text-align: center;\"><span style=\"color: #ff6600;\"><strong>2 noches y d\u00eda completo en camello<\/strong><\/span><\/h4>\n<p>Este viaje comienza en la noche, una hora en camello para llegar al campamento en medio del desierto. Los camellos estar\u00e1n llenos de alimentos, mantas y todo lo dem\u00e1s que necesitar\u00e1. La caminata comenzar\u00e1 en el desierto a las 15:30 min. Pasar\u00e1 la noche en el campamento del desierto.<\/p>\n<p>Esta es una gran oportunidad para tomar fotos preciosas de la puesta del sol y el amanecer, cuando llegamos al oasis, caminamos hacia las altas dunas de Erg Chebbi para ver la puesta del sol. Ser\u00e1 una noche m\u00e1gica en la que el cielo est\u00e1 despejado de estrellas y estrellas. Destella y resplandece con intensidad, en la noche habr\u00e1 una cena maravillosa. Con el silencio del desierto, pasaremos la noche en tiendas n\u00f3madas. Por la ma\u00f1ana caminar\u00e1s hasta las dunas para ver el amanecer, luego volver\u00e1s a las tiendas de campa\u00f1a para tomar el desayuno, luego montaremos los camellos en el desierto negro para visitar a una familia de nomade y almorzaremos una pizza bereber con ellos, despu\u00e9s del almuerzo y tomaremos algunas fotos y escucharemos la historia de nomade, seguiremos el r\u00edo wher Era la forma del rally paris dakar. Despu\u00e9s de dos horas llegaremos a un otro campamento de vida n\u00f3mada, porque pasamos la noche all\u00ed, despu\u00e9s de la cena bajo las estrellas y el silencio, dormir\u00e1n n\u00f3madas durmiendo, a la ma\u00f1ana siguiente tomar\u00e1n una hermosa fotos y luego el breakfa Despu\u00e9s, cruzaremos las dunas de Erg Chebbi, luego te ver\u00e1s entre las dunas de arena solo t\u00fa y el cielo con dunas de color naranja. Despu\u00e9s de dos horas de montar los camellos, llegaremos y una parada para el almuerzo de saladar bereber en la sombra de los \u00e1rboles del Sahara, Despu\u00e9s de un peque\u00f1o descanso, regresamos a la casa de hu\u00e9spedes, siempre cruzando las dunas de Erg Chebbi. \u00a1En una hora y media estaremos en el hotel por la tarde para tomar una ducha y relajarse!<\/p>\n<p><strong>Incluye<\/strong><\/p>\n<ul>\n<li>Una habitaci\u00f3n en el hotel. &#8211; Estacionamiento para su auto (si tiene).<\/li>\n<li>Tiendas de n\u00f3madas + Oasis de desierto.<\/li>\n<li>2 cenas + 2 desayunos + 3 almuerzos.<\/li>\n<li>Camel cada uno (Paseo en camello por dos noches y todo el d\u00eda.<\/li>\n<li>Agua embotellada de dos noches y todo el d\u00eda.<\/li>\n<\/ul>\n<h4 style=\"text-align: center;\"><span style=\"color: #ff6600;\"><strong>3 Noches y d\u00eda completo: Camellos y caminatas. Erg chebbi, Erg znaigue.<\/strong><\/span><\/h4>\n<p>Tres noches diferentes a otras, \u00a1Un desierto diferente de Erg Chebbi llamado Erg Znaigue!<\/p>\n<p>1 noche y d\u00eda completo en el pueblo antiguo detr\u00e1s del desierto Erg Chebbi, mezclado con las monta\u00f1as del desierto 2 noches y 3 d\u00edas en el Erg Znaigue desierto en camello, explorarlos en una sola visita al desierto marroqu\u00ed.<\/p>\n<p><strong>D\u00eda 1: pueblo antiguo m\u00e1s desierto de Erg Chebbi.<\/strong><\/p>\n<p>Despu\u00e9s del desayuno, comenzaremos el viaje a las 09:00 directamente al desierto con camellos, para explorar y montar un camello en las dunas de arena, una hora y media para llegar al antiguo pueblo detr\u00e1s del desierto Erg Chebbi, almorzaremos con un beduin persona en su hogar, tiendas y casas antiguas, es un gran momento para vivir una vida en el desierto cuando vivir\u00e1s en un mundo m\u00e1gico en el lugar de Youssef. El almuerzo ser\u00e1 con pizza bereber y tendr\u00e1s la oportunidad de ver c\u00f3mo el verdadero habitante de El desierto prepar\u00f3 el pan, \u00a1El lugar es un tesoro del antiguo patrimonio bereber! Despu\u00e9s del almuerzo y el descanso iremos en busca de trekking, para visitar las monta\u00f1as del desierto y el lugar de los soldados marroqu\u00edes, que era para los soldados franceses en la guerra, puedes tomar fotos hist\u00f3ricas de ese lugar, luego volveremos a Youssef para pasar el tiempo noche, la puesta del sol estar\u00e1 en el camino, la cena ser\u00e1 con ensalada del desierto junto con el cielo lleno de estrellas,<br \/>\nDespu\u00e9s de la cena le contaremos una historia de desierto, tambi\u00e9n de Youssef, el due\u00f1o del lugar de la herencia, y algunos enigmas del desierto, que ser\u00e1 un momento divertido \ud83d\ude42 dormir\u00e1s en una tienda privada como gente n\u00f3mada en su antigua vida.<\/p>\n<p><strong>D\u00eda 2: pueblo antiguo m\u00e1s desierto negro m\u00e1s Erg znaigue.<\/strong><\/p>\n<p>Te despertar\u00e1s para ver el amanecer en la monta\u00f1a con el borde argelino, En el otro lado puedes sacar las fotos de la puerta de tu tienda. Cuando est\u00e9s listo despu\u00e9s del desayuno, podremos montar los camellos o caminar, directamente hacia Erg znaigue a trav\u00e9s del desierto negro. Durante tres horas, nuestro d\u00eda se mezclar\u00e1 entre las dunas de arena y las monta\u00f1as y las piedras del desierto. El almuerzo ser\u00e1 una sala berber a la sombra de los \u00e1rboles. Podemos descansar all\u00ed durante una hora para escuchar el desierto. Antes de la puesta del sol, continuar\u00e1 hacia Erg znaigue, caminar\u00e1s hasta las dunas de arena para ver c\u00f3mo se pone el sol, dormir\u00e1s en tiendas de campa\u00f1a equipadas con un peque\u00f1o restaurante donde tendr\u00e1s tus cenas, o comer\u00e1s con estrellas al lado del edificio. Tambi\u00e9n puedes b\u00e1\u00f1ate en el mismo lugar fuera de las carpas por unos pocos metros.<\/p>\n<p><strong>D\u00eda 3: Tour de Erg Znaigue por camellos y caminatas trekking.<\/strong><\/p>\n<p>Despu\u00e9s del desayuno montaremos un camello para un agradable recorrido por el desierto de erg znaigue, su desierto es limpio y tranquilo. Nuestro d\u00eda ser\u00e1 entre las dunas de arena y las monta\u00f1as, veremos la vida de nomade en nuestro camino hacia el lugar de almuerzo, nuestro almuerzo estar\u00e1 bajo la sombra de los \u00e1rboles con la salada rural, despu\u00e9s de un hermoso relax caminaremos o montaremos en los camellos volveremos al bivouac erg znaigue para pasar la noche, caminar\u00e1s hasta las dunas para ver la puesta del sol, volver\u00e1s t\u00fa encuentra el t\u00e9 esper\u00e1ndote debajo de milion estrellas en las carpas, cena y duerme a la ma\u00f1ana siguiente,<br \/>\nDespu\u00e9s del desayuno montaremos camellos o caminaremos, de nuevo podr\u00e1s camellos o caminar, despu\u00e9s de dos horas llegaremos a los negros en el pueblo de Khamlia para escuchar la m\u00fasica africana, bailar con ellos y almorzar en eso aldea africana,<\/p>\n<p>Por la tarde, caminaremos a la deriva o montaremos los camellos en el hotel, \u00a1al final!<\/p>\n<p><strong>Incluye:<\/strong><\/p>\n<ul>\n<li>Una habitaci\u00f3n en el hotel.<\/li>\n<li>Estacionamiento para su autom\u00f3vil (si lo tiene)<\/li>\n<li>Almuerzos<\/li>\n<li>Camel cada \/ gu\u00eda.<\/li>\n<li>Agua y te<\/li>\n<\/ul>\n<h4 style=\"text-align: center;\"><span style=\"color: #ff6600;\"><strong>D\u00eda completo en el desierto en camello<\/strong><\/span><\/h4>\n<p>El viaje comenzar\u00e1 a las dunas a las 10:00, recorrer\u00e1 el camello durante una hora y media explorando el desierto de erg chebbi, m\u00e1s tarde llegar\u00e1 a un antiguo pueblo en el desierto de Merzouga, donde dos familias viven all\u00ed, para almorzar pizza bereber con t\u00e9. Despu\u00e9s de relajarse, disfrutar\u00e1s de tu tiempo en ese peque\u00f1o para\u00edso del desierto, los camellos estar\u00e1n listos para volver al hotel, la puesta de sol en las dunas cerca de nuestro pueblo,<\/p>\n<p><strong>Incluye<\/strong><\/p>\n<ul>\n<li>Una habitaci\u00f3n en el hotel. -Parking para su autom\u00f3vil (si tiene)<\/li>\n<li>Almuerzo, pizza bereber<\/li>\n<li>Camel cada \/ Gu\u00eda,<\/li>\n<li>Agua, t\u00e9<\/li>\n<\/ul>\n<h4 style=\"text-align: center;\"><span style=\"color: #ff6600;\"><strong>Sunrise o Sunsite de Camel<\/strong><\/span><\/h4>\n<p>Cabalga en el desierto en camello alrededor de 1 hora para disfrutar del incre\u00edble amanecer o atardecer.<\/p>\n<p><strong>Incluye<\/strong><\/p>\n<ul>\n<li>Estacionamiento para su autom\u00f3vil (si lo tiene)<\/li>\n<li>Ducha + habitaci\u00f3n + t\u00e9 + agua<\/li>\n<li>Camel cada uno + Gu\u00eda<\/li>\n<\/ul>\n","protected":false},"excerpt":{"rendered":"<p>1 noche en desierto por camello Este viaje comienza en la noche, organizamos el paseo en camello por la noche en el desierto, una hora en<span class=\"excerpt-hellip\"> [\u2026]<\/span><\/p>\n","protected":false},"author":1,"featured_media":0,"parent":0,"menu_order":0,"comment_status":"closed","ping_status":"closed","template":"","meta":{"ngg_post_thumbnail":0,"footnotes":""},"class_list":["post-427","page","type-page","status-publish","hentry"],"_links":{"self":[{"href":"http:\/\/menaramoroccotours.com\/es\/wp-json\/wp\/v2\/pages\/427","targetHints":{"allow":["GET"]}}],"collection":[{"href":"http:\/\/menaramoroccotours.com\/es\/wp-json\/wp\/v2\/pages"}],"about":[{"href":"http:\/\/menaramoroccotours.com\/es\/wp-json\/wp\/v2\/types\/page"}],"author":[{"embeddable":true,"href":"http:\/\/menaramoroccotours.com\/es\/wp-json\/wp\/v2\/users\/1"}],"replies":[{"embeddable":true,"href":"http:\/\/menaramoroccotours.com\/es\/wp-json\/wp\/v2\/comments?post=427"}],"version-history":[{"count":3,"href":"http:\/\/menaramoroccotours.com\/es\/wp-json\/wp\/v2\/pages\/427\/revisions"}],"predecessor-version":[{"id":828,"href":"http:\/\/menaramoroccotours.com\/es\/wp-json\/wp\/v2\/pages\/427\/revisions\/828"}],"wp:attachment":[{"href":"http:\/\/menaramoroccotours.com\/es\/wp-json\/wp\/v2\/media?parent=427"}],"curies":[{"name":"wp","href":"https:\/\/api.w.org\/{rel}","templated":true}]}}